{"id":1675,"date":"2024-02-23T11:13:30","date_gmt":"2024-02-23T11:13:30","guid":{"rendered":"https:\/\/martontoth.net\/?page_id=1675"},"modified":"2024-02-23T13:38:45","modified_gmt":"2024-02-23T13:38:45","slug":"hangjatek","status":"publish","type":"page","link":"https:\/\/martontoth.net\/en\/works\/hangjatek\/","title":{"rendered":"Hangj\u00e1t\u00e9k"},"content":{"rendered":"\t\t<div data-elementor-type=\"wp-page\" data-elementor-id=\"1675\" class=\"elementor elementor-1675\" data-elementor-post-type=\"page\">\n\t\t\t\t<div class=\"elementor-element elementor-element-e462300 e-flex e-con-boxed e-con e-parent\" data-id=\"e462300\" data-element_type=\"container\" data-e-type=\"container\" data-settings=\"{&quot;background_background&quot;:&quot;classic&quot;}\">\n\t\t\t\t\t<div class=\"e-con-inner\">\n\t\t\t\t<div class=\"elementor-element elementor-element-237d483 elementor-widget elementor-widget-heading\" data-id=\"237d483\" data-element_type=\"widget\" data-e-type=\"widget\" data-widget_type=\"heading.default\">\n\t\t\t\t<div class=\"elementor-widget-container\">\n\t\t\t\t\t<h1 class=\"elementor-heading-title elementor-size-default\">Hangj\u00e1t\u00e9k<\/h1>\t\t\t\t<\/div>\n\t\t\t\t<\/div>\n\t\t<div class=\"elementor-element elementor-element-a00f8db e-con-full e-flex e-con e-child\" data-id=\"a00f8db\" data-element_type=\"container\" data-e-type=\"container\">\n\t\t\t\t<div class=\"elementor-element elementor-element-7a0e9f5 elementor-icon-list--layout-inline elementor-list-item-link-full_width elementor-widget elementor-widget-icon-list\" data-id=\"7a0e9f5\" data-element_type=\"widget\" data-e-type=\"widget\" data-widget_type=\"icon-list.default\">\n\t\t\t\t<div class=\"elementor-widget-container\">\n\t\t\t\t\t\t\t<ul class=\"elementor-icon-list-items elementor-inline-items\">\n\t\t\t\t\t\t\t<li class=\"elementor-icon-list-item elementor-inline-item\">\n\t\t\t\t\t\t\t\t\t\t\t<span class=\"elementor-icon-list-icon\">\n\t\t\t\t\t\t\t<svg xmlns=\"http:\/\/www.w3.org\/2000\/svg\" width=\"38px\" height=\"38px\" viewBox=\"0 0 24 24\" stroke-width=\"1\" fill=\"none\"><path d=\"M4.9984 2H2V4.9984H4.9984V2Z\" stroke=\"#ffffff\" stroke-width=\"1\" stroke-miterlimit=\"1.5\" stroke-linecap=\"round\" stroke-linejoin=\"round\"><\/path><path d=\"M4.99854 3.50098H18.9987\" stroke=\"#ffffff\" stroke-width=\"1\" stroke-miterlimit=\"1.5\" stroke-linecap=\"round\" stroke-linejoin=\"round\"><\/path><path d=\"M3.5 4.99854V19.0005\" stroke=\"#ffffff\" stroke-width=\"1\" stroke-miterlimit=\"1.5\" stroke-linecap=\"round\" stroke-linejoin=\"round\"><\/path><path d=\"M20.4978 5V19.002\" stroke=\"#ffffff\" stroke-width=\"1\" stroke-miterlimit=\"1.5\" stroke-linecap=\"round\" stroke-linejoin=\"round\"><\/path><path d=\"M4.99854 20.501H18.9987\" stroke=\"#ffffff\" stroke-width=\"1\" stroke-miterlimit=\"1.5\" stroke-linecap=\"round\" stroke-linejoin=\"round\"><\/path><path d=\"M4.9984 19H2V21.9984H4.9984V19Z\" stroke=\"#ffffff\" stroke-width=\"1\" stroke-miterlimit=\"1.5\" stroke-linecap=\"round\" stroke-linejoin=\"round\"><\/path><path d=\"M21.9974 2.00195H18.999V5.00035H21.9974V2.00195Z\" stroke=\"#ffffff\" stroke-width=\"1\" stroke-miterlimit=\"1.5\" stroke-linecap=\"round\" stroke-linejoin=\"round\"><\/path><path d=\"M21.9974 19.002H18.999V22.0004H21.9974V19.002Z\" stroke=\"#ffffff\" stroke-width=\"1\" stroke-miterlimit=\"1.5\" stroke-linecap=\"round\" stroke-linejoin=\"round\"><\/path><path fill-rule=\"evenodd\" clip-rule=\"evenodd\" d=\"M10.9966 15.002L7.99658 8.00195L14.9966 11.002L11.9986 12.0009L10.9966 15.002Z\" stroke=\"#ffffff\" stroke-width=\"1\" stroke-miterlimit=\"1.5\" stroke-linecap=\"round\" stroke-linejoin=\"round\"><\/path><path fill-rule=\"evenodd\" clip-rule=\"evenodd\" d=\"M11.999 12.002L14.997 15.002L11.999 12.002Z\" stroke=\"#ffffff\" stroke-width=\"1\" stroke-miterlimit=\"1.5\" stroke-linecap=\"round\" stroke-linejoin=\"round\"><\/path><\/svg>\t\t\t\t\t\t<\/span>\n\t\t\t\t\t\t\t\t\t\t<span class=\"elementor-icon-list-text\">UI\/UX Design<\/span>\n\t\t\t\t\t\t\t\t\t<\/li>\n\t\t\t\t\t\t\t\t<li class=\"elementor-icon-list-item elementor-inline-item\">\n\t\t\t\t\t\t\t\t\t\t\t<span class=\"elementor-icon-list-icon\">\n\t\t\t\t\t\t\t<svg xmlns=\"http:\/\/www.w3.org\/2000\/svg\" width=\"38px\" height=\"38px\" stroke-width=\"1\" viewBox=\"0 0 24 24\" fill=\"none\"><path d=\"M13.5 6L10 18.5\" stroke=\"#ffffff\" stroke-width=\"1\" stroke-linecap=\"round\" stroke-linejoin=\"round\"><\/path><path d=\"M6.5 8.5L3 12L6.5 15.5\" stroke=\"#ffffff\" stroke-width=\"1\" stroke-linecap=\"round\" stroke-linejoin=\"round\"><\/path><path d=\"M17.5 8.5L21 12L17.5 15.5\" stroke=\"#ffffff\" stroke-width=\"1\" stroke-linecap=\"round\" stroke-linejoin=\"round\"><\/path><\/svg>\t\t\t\t\t\t<\/span>\n\t\t\t\t\t\t\t\t\t\t<span class=\"elementor-icon-list-text\">Web Development<\/span>\n\t\t\t\t\t\t\t\t\t<\/li>\n\t\t\t\t\t\t<\/ul>\n\t\t\t\t\t\t<\/div>\n\t\t\t\t<\/div>\n\t\t\t\t<div class=\"elementor-element elementor-element-4cbc8ef elementor-widget elementor-widget-heading\" data-id=\"4cbc8ef\" data-element_type=\"widget\" data-e-type=\"widget\" data-widget_type=\"heading.default\">\n\t\t\t\t<div class=\"elementor-widget-container\">\n\t\t\t\t\t<h2 class=\"elementor-heading-title elementor-size-default\">2022 In collaboration with Hangvet\u0151 &amp; Veszpr\u00e9m-Balaton 2023&nbsp;<\/h2>\t\t\t\t<\/div>\n\t\t\t\t<\/div>\n\t\t\t\t<\/div>\n\t\t\t\t\t<\/div>\n\t\t\t\t<\/div>\n\t\t<div class=\"elementor-element elementor-element-aeadab7 e-flex e-con-boxed e-con e-parent\" data-id=\"aeadab7\" data-element_type=\"container\" data-e-type=\"container\" data-settings=\"{&quot;background_background&quot;:&quot;classic&quot;}\">\n\t\t\t\t\t<div class=\"e-con-inner\">\n\t\t<div class=\"elementor-element elementor-element-d2cd132 e-con-full e-flex e-con e-child\" data-id=\"d2cd132\" data-element_type=\"container\" data-e-type=\"container\" data-settings=\"{&quot;sticky&quot;:&quot;top&quot;,&quot;sticky_parent&quot;:&quot;yes&quot;,&quot;sticky_on&quot;:[&quot;desktop&quot;],&quot;sticky_offset&quot;:0,&quot;sticky_effects_offset&quot;:0,&quot;sticky_anchor_link_offset&quot;:0}\">\n\t\t\t\t<div class=\"elementor-element elementor-element-5e0652a elementor-widget elementor-widget-heading\" data-id=\"5e0652a\" data-element_type=\"widget\" data-e-type=\"widget\" data-widget_type=\"heading.default\">\n\t\t\t\t<div class=\"elementor-widget-container\">\n\t\t\t\t\t<h2 class=\"elementor-heading-title elementor-size-default\">Overview<\/h2>\t\t\t\t<\/div>\n\t\t\t\t<\/div>\n\t\t\t\t<\/div>\n\t\t<div class=\"elementor-element elementor-element-dc856f4 e-con-full e-flex e-con e-child\" data-id=\"dc856f4\" data-element_type=\"container\" data-e-type=\"container\">\n\t\t\t\t<div class=\"elementor-element elementor-element-429f5ba elementor-widget elementor-widget-text-editor\" data-id=\"429f5ba\" data-element_type=\"widget\" data-e-type=\"widget\" data-widget_type=\"text-editor.default\">\n\t\t\t\t<div class=\"elementor-widget-container\">\n\t\t\t\t\t\t\t\t\t<p>In summer of 2022 Hangvet\u0151 approached me to design a website for their Hangj\u00e1t\u00e9k (Soundplay) project.\u00a0 The project needed to inform locals in Veszpr\u00e9m and it&#8217;s area about music events, schools or any musical event to build the local music community.<\/p><p>The website was done completely in 3 months for a September launch. The tasks included wireframing, market research, UI\/UX designs, iterations and developing the entire site using WordPress and a custom built Elementor theme.<\/p><p>The community building was also a big focus of the project, so we also created a Discord channel so that every user can talk, organize or meet up with fellow music enthusiasts.<\/p>\t\t\t\t\t\t\t\t<\/div>\n\t\t\t\t<\/div>\n\t\t\t\t<\/div>\n\t\t\t\t\t<\/div>\n\t\t\t\t<\/div>\n\t\t<div class=\"elementor-element elementor-element-75bc050 e-flex e-con-boxed e-con e-parent\" data-id=\"75bc050\" data-element_type=\"container\" data-e-type=\"container\">\n\t\t\t\t\t<div class=\"e-con-inner\">\n\t\t<div class=\"elementor-element elementor-element-48203d4 e-con-full e-flex e-con e-child\" data-id=\"48203d4\" data-element_type=\"container\" data-e-type=\"container\" data-settings=\"{&quot;sticky&quot;:&quot;top&quot;,&quot;sticky_parent&quot;:&quot;yes&quot;,&quot;sticky_on&quot;:[&quot;desktop&quot;],&quot;sticky_offset&quot;:0,&quot;sticky_effects_offset&quot;:0,&quot;sticky_anchor_link_offset&quot;:0}\">\n\t\t\t\t<div class=\"elementor-element elementor-element-dbbe27c elementor-widget elementor-widget-heading\" data-id=\"dbbe27c\" data-element_type=\"widget\" data-e-type=\"widget\" data-widget_type=\"heading.default\">\n\t\t\t\t<div class=\"elementor-widget-container\">\n\t\t\t\t\t<h2 class=\"elementor-heading-title elementor-size-default\">The Website<\/h2>\t\t\t\t<\/div>\n\t\t\t\t<\/div>\n\t\t\t\t<div class=\"elementor-element elementor-element-69c6adf elementor-widget elementor-widget-text-editor\" data-id=\"69c6adf\" data-element_type=\"widget\" data-e-type=\"widget\" data-widget_type=\"text-editor.default\">\n\t\t\t\t<div class=\"elementor-widget-container\">\n\t\t\t\t\t\t\t\t\t<p>It was important that the website don&#8217;t just serve as a directory for local events, but also showcases the benefits of life with music. To do this, we showcased several benefits and supported the message with various blog posts.\u00a0<\/p><p><span style=\"color: var( --e-global-color-text ); text-align: var(--text-align); background-color: var( --e-global-color-3b31cb9 ); font-family: var( --e-global-typography-text-font-family ), Sans-serif; font-size: 1rem; font-weight: var( --e-global-typography-text-font-weight );\">The visual system had to convey these messages too along easy-to-use layout for all ages. So we wen&#8217;t with an unique but energetic color scheme, typography and visual elements.<\/span><\/p>\t\t\t\t\t\t\t\t<\/div>\n\t\t\t\t<\/div>\n\t\t\t\t<\/div>\n\t\t<div class=\"elementor-element elementor-element-d5f17ec e-con-full e-flex e-con e-child\" data-id=\"d5f17ec\" data-element_type=\"container\" data-e-type=\"container\">\n\t\t\t\t<div class=\"elementor-element elementor-element-02388c6 elementor-widget elementor-widget-heading\" data-id=\"02388c6\" data-element_type=\"widget\" data-e-type=\"widget\" data-widget_type=\"heading.default\">\n\t\t\t\t<div class=\"elementor-widget-container\">\n\t\t\t\t\t<h2 class=\"elementor-heading-title elementor-size-default\">HOME<\/h2>\t\t\t\t<\/div>\n\t\t\t\t<\/div>\n\t\t\t\t<div class=\"elementor-element elementor-element-3721bc0 animated-slow elementor-invisible elementor-widget elementor-widget-image\" data-id=\"3721bc0\" data-element_type=\"widget\" data-e-type=\"widget\" data-settings=\"{&quot;_animation&quot;:&quot;fadeIn&quot;}\" data-widget_type=\"image.default\">\n\t\t\t\t<div class=\"elementor-widget-container\">\n\t\t\t\t\t\t\t\t\t\t\t\t\t\t\t<img fetchpriority=\"high\" decoding=\"async\" width=\"629\" height=\"2560\" src=\"https:\/\/martontoth.net\/wp-content\/uploads\/2024\/02\/hangjatek-home-scaled.jpg\" class=\"attachment-full size-full wp-image-1679\" alt=\"\" srcset=\"https:\/\/martontoth.net\/wp-content\/uploads\/2024\/02\/hangjatek-home-scaled.jpg 629w, https:\/\/martontoth.net\/wp-content\/uploads\/2024\/02\/hangjatek-home-74x300.jpg 74w, https:\/\/martontoth.net\/wp-content\/uploads\/2024\/02\/hangjatek-home-768x3125.jpg 768w, https:\/\/martontoth.net\/wp-content\/uploads\/2024\/02\/hangjatek-home-503x2048.jpg 503w\" sizes=\"(max-width: 629px) 100vw, 629px\" \/>\t\t\t\t\t\t\t\t\t\t\t\t\t\t\t<\/div>\n\t\t\t\t<\/div>\n\t\t\t\t<div class=\"elementor-element elementor-element-8aec0bf elementor-widget elementor-widget-spacer\" data-id=\"8aec0bf\" data-element_type=\"widget\" data-e-type=\"widget\" data-widget_type=\"spacer.default\">\n\t\t\t\t<div class=\"elementor-widget-container\">\n\t\t\t\t\t\t\t<div class=\"elementor-spacer\">\n\t\t\t<div class=\"elementor-spacer-inner\"><\/div>\n\t\t<\/div>\n\t\t\t\t\t\t<\/div>\n\t\t\t\t<\/div>\n\t\t\t\t<div class=\"elementor-element elementor-element-854aabe elementor-widget elementor-widget-heading\" data-id=\"854aabe\" data-element_type=\"widget\" data-e-type=\"widget\" data-widget_type=\"heading.default\">\n\t\t\t\t<div class=\"elementor-widget-container\">\n\t\t\t\t\t<h2 class=\"elementor-heading-title elementor-size-default\">ABOUT PAGE<\/h2>\t\t\t\t<\/div>\n\t\t\t\t<\/div>\n\t\t\t\t<div class=\"elementor-element elementor-element-40de1ee elementor-widget elementor-widget-image\" data-id=\"40de1ee\" data-element_type=\"widget\" data-e-type=\"widget\" data-widget_type=\"image.default\">\n\t\t\t\t<div class=\"elementor-widget-container\">\n\t\t\t\t\t\t\t\t\t\t\t\t\t\t\t<img decoding=\"async\" width=\"1749\" height=\"3077\" src=\"https:\/\/martontoth.net\/wp-content\/uploads\/2024\/02\/8724ca154300731.63440bad04029.png\" class=\"attachment-full size-full wp-image-1685\" alt=\"\" srcset=\"https:\/\/martontoth.net\/wp-content\/uploads\/2024\/02\/8724ca154300731.63440bad04029.png 1749w, https:\/\/martontoth.net\/wp-content\/uploads\/2024\/02\/8724ca154300731.63440bad04029-171x300.png 171w, https:\/\/martontoth.net\/wp-content\/uploads\/2024\/02\/8724ca154300731.63440bad04029-582x1024.png 582w, https:\/\/martontoth.net\/wp-content\/uploads\/2024\/02\/8724ca154300731.63440bad04029-768x1351.png 768w, https:\/\/martontoth.net\/wp-content\/uploads\/2024\/02\/8724ca154300731.63440bad04029-873x1536.png 873w, https:\/\/martontoth.net\/wp-content\/uploads\/2024\/02\/8724ca154300731.63440bad04029-1164x2048.png 1164w\" sizes=\"(max-width: 1749px) 100vw, 1749px\" \/>\t\t\t\t\t\t\t\t\t\t\t\t\t\t\t<\/div>\n\t\t\t\t<\/div>\n\t\t\t\t<div class=\"elementor-element elementor-element-10c344c elementor-widget elementor-widget-spacer\" data-id=\"10c344c\" data-element_type=\"widget\" data-e-type=\"widget\" data-widget_type=\"spacer.default\">\n\t\t\t\t<div class=\"elementor-widget-container\">\n\t\t\t\t\t\t\t<div class=\"elementor-spacer\">\n\t\t\t<div class=\"elementor-spacer-inner\"><\/div>\n\t\t<\/div>\n\t\t\t\t\t\t<\/div>\n\t\t\t\t<\/div>\n\t\t\t\t<div class=\"elementor-element elementor-element-18a8d05 elementor-widget elementor-widget-heading\" data-id=\"18a8d05\" data-element_type=\"widget\" data-e-type=\"widget\" data-widget_type=\"heading.default\">\n\t\t\t\t<div class=\"elementor-widget-container\">\n\t\t\t\t\t<h2 class=\"elementor-heading-title elementor-size-default\">EVENT<\/h2>\t\t\t\t<\/div>\n\t\t\t\t<\/div>\n\t\t\t\t<div class=\"elementor-element elementor-element-ccc17f0 elementor-widget elementor-widget-image\" data-id=\"ccc17f0\" data-element_type=\"widget\" data-e-type=\"widget\" data-widget_type=\"image.default\">\n\t\t\t\t<div class=\"elementor-widget-container\">\n\t\t\t\t\t\t\t\t\t\t\t\t\t\t\t<img decoding=\"async\" width=\"1559\" height=\"2560\" src=\"https:\/\/martontoth.net\/wp-content\/uploads\/2024\/02\/Single-Event-scaled.jpg\" class=\"attachment-full size-full wp-image-1687\" alt=\"\" srcset=\"https:\/\/martontoth.net\/wp-content\/uploads\/2024\/02\/Single-Event-scaled.jpg 1559w, https:\/\/martontoth.net\/wp-content\/uploads\/2024\/02\/Single-Event-183x300.jpg 183w, https:\/\/martontoth.net\/wp-content\/uploads\/2024\/02\/Single-Event-624x1024.jpg 624w, https:\/\/martontoth.net\/wp-content\/uploads\/2024\/02\/Single-Event-768x1261.jpg 768w, https:\/\/martontoth.net\/wp-content\/uploads\/2024\/02\/Single-Event-935x1536.jpg 935w, https:\/\/martontoth.net\/wp-content\/uploads\/2024\/02\/Single-Event-1247x2048.jpg 1247w\" sizes=\"(max-width: 1559px) 100vw, 1559px\" \/>\t\t\t\t\t\t\t\t\t\t\t\t\t\t\t<\/div>\n\t\t\t\t<\/div>\n\t\t\t\t<div class=\"elementor-element elementor-element-cbe6e54 elementor-widget elementor-widget-spacer\" data-id=\"cbe6e54\" data-element_type=\"widget\" data-e-type=\"widget\" data-widget_type=\"spacer.default\">\n\t\t\t\t<div class=\"elementor-widget-container\">\n\t\t\t\t\t\t\t<div class=\"elementor-spacer\">\n\t\t\t<div class=\"elementor-spacer-inner\"><\/div>\n\t\t<\/div>\n\t\t\t\t\t\t<\/div>\n\t\t\t\t<\/div>\n\t\t\t\t<div class=\"elementor-element elementor-element-3042721 elementor-widget elementor-widget-heading\" data-id=\"3042721\" data-element_type=\"widget\" data-e-type=\"widget\" data-widget_type=\"heading.default\">\n\t\t\t\t<div class=\"elementor-widget-container\">\n\t\t\t\t\t<h2 class=\"elementor-heading-title elementor-size-default\">ARTICLE<\/h2>\t\t\t\t<\/div>\n\t\t\t\t<\/div>\n\t\t\t\t<div class=\"elementor-element elementor-element-03d14d0 elementor-widget elementor-widget-image\" data-id=\"03d14d0\" data-element_type=\"widget\" data-e-type=\"widget\" data-widget_type=\"image.default\">\n\t\t\t\t<div class=\"elementor-widget-container\">\n\t\t\t\t\t\t\t\t\t\t\t\t\t\t\t<img loading=\"lazy\" decoding=\"async\" width=\"1802\" height=\"3505\" src=\"https:\/\/martontoth.net\/wp-content\/uploads\/2024\/02\/96feae154300731.63440bad065ad.png\" class=\"attachment-full size-full wp-image-1686\" alt=\"\" srcset=\"https:\/\/martontoth.net\/wp-content\/uploads\/2024\/02\/96feae154300731.63440bad065ad.png 1802w, https:\/\/martontoth.net\/wp-content\/uploads\/2024\/02\/96feae154300731.63440bad065ad-154x300.png 154w, https:\/\/martontoth.net\/wp-content\/uploads\/2024\/02\/96feae154300731.63440bad065ad-526x1024.png 526w, https:\/\/martontoth.net\/wp-content\/uploads\/2024\/02\/96feae154300731.63440bad065ad-768x1494.png 768w, https:\/\/martontoth.net\/wp-content\/uploads\/2024\/02\/96feae154300731.63440bad065ad-790x1536.png 790w, https:\/\/martontoth.net\/wp-content\/uploads\/2024\/02\/96feae154300731.63440bad065ad-1053x2048.png 1053w\" sizes=\"(max-width: 1802px) 100vw, 1802px\" \/>\t\t\t\t\t\t\t\t\t\t\t\t\t\t\t<\/div>\n\t\t\t\t<\/div>\n\t\t\t\t<div class=\"elementor-element elementor-element-bd7814c elementor-widget elementor-widget-spacer\" data-id=\"bd7814c\" data-element_type=\"widget\" data-e-type=\"widget\" data-widget_type=\"spacer.default\">\n\t\t\t\t<div class=\"elementor-widget-container\">\n\t\t\t\t\t\t\t<div class=\"elementor-spacer\">\n\t\t\t<div class=\"elementor-spacer-inner\"><\/div>\n\t\t<\/div>\n\t\t\t\t\t\t<\/div>\n\t\t\t\t<\/div>\n\t\t\t\t<div class=\"elementor-element elementor-element-656bafb elementor-widget elementor-widget-heading\" data-id=\"656bafb\" data-element_type=\"widget\" data-e-type=\"widget\" data-widget_type=\"heading.default\">\n\t\t\t\t<div class=\"elementor-widget-container\">\n\t\t\t\t\t<h2 class=\"elementor-heading-title elementor-size-default\">CONTACT &amp; PRESS PAGE<\/h2>\t\t\t\t<\/div>\n\t\t\t\t<\/div>\n\t\t\t\t<div class=\"elementor-element elementor-element-99aa8f3 elementor-widget elementor-widget-image\" data-id=\"99aa8f3\" data-element_type=\"widget\" data-e-type=\"widget\" data-widget_type=\"image.default\">\n\t\t\t\t<div class=\"elementor-widget-container\">\n\t\t\t\t\t\t\t\t\t\t\t\t\t\t\t<img loading=\"lazy\" decoding=\"async\" width=\"1920\" height=\"1653\" src=\"https:\/\/martontoth.net\/wp-content\/uploads\/2024\/02\/Contact.jpg\" class=\"attachment-full size-full wp-image-1688\" alt=\"\" srcset=\"https:\/\/martontoth.net\/wp-content\/uploads\/2024\/02\/Contact.jpg 1920w, https:\/\/martontoth.net\/wp-content\/uploads\/2024\/02\/Contact-300x258.jpg 300w, https:\/\/martontoth.net\/wp-content\/uploads\/2024\/02\/Contact-1024x882.jpg 1024w, https:\/\/martontoth.net\/wp-content\/uploads\/2024\/02\/Contact-768x661.jpg 768w, https:\/\/martontoth.net\/wp-content\/uploads\/2024\/02\/Contact-1536x1322.jpg 1536w\" sizes=\"(max-width: 1920px) 100vw, 1920px\" \/>\t\t\t\t\t\t\t\t\t\t\t\t\t\t\t<\/div>\n\t\t\t\t<\/div>\n\t\t\t\t<div class=\"elementor-element elementor-element-c7ca4b5 elementor-widget elementor-widget-spacer\" data-id=\"c7ca4b5\" data-element_type=\"widget\" data-e-type=\"widget\" data-widget_type=\"spacer.default\">\n\t\t\t\t<div class=\"elementor-widget-container\">\n\t\t\t\t\t\t\t<div class=\"elementor-spacer\">\n\t\t\t<div class=\"elementor-spacer-inner\"><\/div>\n\t\t<\/div>\n\t\t\t\t\t\t<\/div>\n\t\t\t\t<\/div>\n\t\t\t\t<div class=\"elementor-element elementor-element-3f927f6 elementor-widget elementor-widget-heading\" data-id=\"3f927f6\" data-element_type=\"widget\" data-e-type=\"widget\" data-widget_type=\"heading.default\">\n\t\t\t\t<div class=\"elementor-widget-container\">\n\t\t\t\t\t<h2 class=\"elementor-heading-title elementor-size-default\">NEWSLETTER SUBSCRIBE POPUP<\/h2>\t\t\t\t<\/div>\n\t\t\t\t<\/div>\n\t\t\t\t<div class=\"elementor-element elementor-element-b78918c elementor-widget elementor-widget-image\" data-id=\"b78918c\" data-element_type=\"widget\" data-e-type=\"widget\" data-widget_type=\"image.default\">\n\t\t\t\t<div class=\"elementor-widget-container\">\n\t\t\t\t\t\t\t\t\t\t\t\t\t\t\t<img loading=\"lazy\" decoding=\"async\" width=\"1920\" height=\"1060\" src=\"https:\/\/martontoth.net\/wp-content\/uploads\/2024\/02\/545580154300731.63440bad0530b.png\" class=\"attachment-full size-full wp-image-1689\" alt=\"\" srcset=\"https:\/\/martontoth.net\/wp-content\/uploads\/2024\/02\/545580154300731.63440bad0530b.png 1920w, https:\/\/martontoth.net\/wp-content\/uploads\/2024\/02\/545580154300731.63440bad0530b-300x166.png 300w, https:\/\/martontoth.net\/wp-content\/uploads\/2024\/02\/545580154300731.63440bad0530b-1024x565.png 1024w, https:\/\/martontoth.net\/wp-content\/uploads\/2024\/02\/545580154300731.63440bad0530b-768x424.png 768w, https:\/\/martontoth.net\/wp-content\/uploads\/2024\/02\/545580154300731.63440bad0530b-1536x848.png 1536w\" sizes=\"(max-width: 1920px) 100vw, 1920px\" \/>\t\t\t\t\t\t\t\t\t\t\t\t\t\t\t<\/div>\n\t\t\t\t<\/div>\n\t\t\t\t<\/div>\n\t\t\t\t\t<\/div>\n\t\t\t\t<\/div>\n\t\t<div class=\"elementor-element elementor-element-71b7fea e-flex e-con-boxed e-con e-parent\" data-id=\"71b7fea\" data-element_type=\"container\" data-e-type=\"container\" data-settings=\"{&quot;background_background&quot;:&quot;classic&quot;}\">\n\t\t\t\t\t<div class=\"e-con-inner\">\n\t\t<div class=\"elementor-element elementor-element-3208208 e-con-full e-flex e-con e-child\" data-id=\"3208208\" data-element_type=\"container\" data-e-type=\"container\">\n\t\t\t\t<div class=\"elementor-element elementor-element-cbdbc71 elementor-widget elementor-widget-heading\" data-id=\"cbdbc71\" data-element_type=\"widget\" data-e-type=\"widget\" data-widget_type=\"heading.default\">\n\t\t\t\t<div class=\"elementor-widget-container\">\n\t\t\t\t\t<h2 class=\"elementor-heading-title elementor-size-default\">Summary<\/h2>\t\t\t\t<\/div>\n\t\t\t\t<\/div>\n\t\t\t\t<div class=\"elementor-element elementor-element-cfbd486 elementor-widget elementor-widget-text-editor\" data-id=\"cfbd486\" data-element_type=\"widget\" data-e-type=\"widget\" data-widget_type=\"text-editor.default\">\n\t\t\t\t<div class=\"elementor-widget-container\">\n\t\t\t\t\t\t\t\t\t<p>The design and project was a success and stays alive to this day. Hangvet\u0151&#8217;s partner, Veszpr\u00e9m-Balaton 2023 was also impressed with the website and we could&#8217;nt have been happier with the results.<\/p><p>\u00a0<\/p>\t\t\t\t\t\t\t\t<\/div>\n\t\t\t\t<\/div>\n\t\t\t\t<\/div>\n\t\t<div class=\"elementor-element elementor-element-20069a3 e-con-full e-flex e-con e-child\" data-id=\"20069a3\" data-element_type=\"container\" data-e-type=\"container\">\n\t\t\t\t<div class=\"elementor-element elementor-element-350da43 elementor-blockquote--skin-border elementor-widget elementor-widget-blockquote\" data-id=\"350da43\" data-element_type=\"widget\" data-e-type=\"widget\" data-widget_type=\"blockquote.default\">\n\t\t\t\t<div class=\"elementor-widget-container\">\n\t\t\t\t\t\t\t<blockquote class=\"elementor-blockquote\">\n\t\t\t<p class=\"elementor-blockquote__content\">\n\t\t\t\tCongratulations for the Hangj\u00e1t\u00e9k website, we really love it and we are happy you created something this beautifully.\t\t\t<\/p>\n\t\t\t\t\t\t\t<div class=\"e-q-footer\">\n\t\t\t\t\t\t\t\t\t\t\t<cite class=\"elementor-blockquote__author\">Lehotay Judit, Veszpr\u00e9m-Balaton 2023<\/cite>\n\t\t\t\t\t\t\t\t\t\t\t\t\t\t<\/div>\n\t\t\t\t\t<\/blockquote>\n\t\t\t\t\t\t<\/div>\n\t\t\t\t<\/div>\n\t\t\t\t<\/div>\n\t\t\t\t\t<\/div>\n\t\t\t\t<\/div>\n\t\t\t\t<\/div>\n\t\t","protected":false},"excerpt":{"rendered":"<p>Hangj\u00e1t\u00e9k UI\/UX Design Web Development 2022 In collaboration with Hangvet\u0151 &amp; Veszpr\u00e9m-Balaton 2023&nbsp; Overview In summer of 2022 Hangvet\u0151 approached me to design a website for their Hangj\u00e1t\u00e9k (Soundplay) project.\u00a0 The project needed to inform locals in Veszpr\u00e9m and it&#8217;s area about music events, schools or any musical event to build the local music community. [&hellip;]<\/p>\n","protected":false},"author":1,"featured_media":0,"parent":1142,"menu_order":0,"comment_status":"closed","ping_status":"closed","template":"elementor_header_footer","meta":{"footnotes":""},"class_list":["post-1675","page","type-page","status-publish","hentry"],"_links":{"self":[{"href":"https:\/\/martontoth.net\/en\/wp-json\/wp\/v2\/pages\/1675","targetHints":{"allow":["GET"]}}],"collection":[{"href":"https:\/\/martontoth.net\/en\/wp-json\/wp\/v2\/pages"}],"about":[{"href":"https:\/\/martontoth.net\/en\/wp-json\/wp\/v2\/types\/page"}],"author":[{"embeddable":true,"href":"https:\/\/martontoth.net\/en\/wp-json\/wp\/v2\/users\/1"}],"replies":[{"embeddable":true,"href":"https:\/\/martontoth.net\/en\/wp-json\/wp\/v2\/comments?post=1675"}],"version-history":[{"count":5,"href":"https:\/\/martontoth.net\/en\/wp-json\/wp\/v2\/pages\/1675\/revisions"}],"predecessor-version":[{"id":1698,"href":"https:\/\/martontoth.net\/en\/wp-json\/wp\/v2\/pages\/1675\/revisions\/1698"}],"up":[{"embeddable":true,"href":"https:\/\/martontoth.net\/en\/wp-json\/wp\/v2\/pages\/1142"}],"wp:attachment":[{"href":"https:\/\/martontoth.net\/en\/wp-json\/wp\/v2\/media?parent=1675"}],"curies":[{"name":"wp","href":"https:\/\/api.w.org\/{rel}","templated":true}]}}