{"id":1900,"date":"2024-02-25T13:46:10","date_gmt":"2024-02-25T13:46:10","guid":{"rendered":"https:\/\/martontoth.net\/?page_id=1900"},"modified":"2024-02-25T16:01:45","modified_gmt":"2024-02-25T16:01:45","slug":"tungsram-trojan-cube","status":"publish","type":"page","link":"https:\/\/martontoth.net\/en\/works\/tungsram-trojan-cube\/","title":{"rendered":"Tungsram Trojan Cube"},"content":{"rendered":"\t\t<div data-elementor-type=\"wp-page\" data-elementor-id=\"1900\" class=\"elementor elementor-1900\" data-elementor-post-type=\"page\">\n\t\t\t\t<div class=\"elementor-element elementor-element-e462300 e-flex e-con-boxed e-con e-parent\" data-id=\"e462300\" data-element_type=\"container\" data-e-type=\"container\" data-settings=\"{&quot;background_background&quot;:&quot;classic&quot;}\">\n\t\t\t\t\t<div class=\"e-con-inner\">\n\t\t\t\t<div class=\"elementor-element elementor-element-237d483 animated-fast elementor-invisible elementor-widget elementor-widget-heading\" data-id=\"237d483\" data-element_type=\"widget\" data-e-type=\"widget\" data-settings=\"{&quot;_animation&quot;:&quot;fadeInUp&quot;,&quot;_animation_delay&quot;:500}\" data-widget_type=\"heading.default\">\n\t\t\t\t<div class=\"elementor-widget-container\">\n\t\t\t\t\t<h1 class=\"elementor-heading-title elementor-size-default\">Tungsram Trojan Cube<\/h1>\t\t\t\t<\/div>\n\t\t\t\t<\/div>\n\t\t<div class=\"elementor-element elementor-element-a00f8db e-con-full e-flex e-con e-child\" data-id=\"a00f8db\" data-element_type=\"container\" data-e-type=\"container\">\n\t\t\t\t<div class=\"elementor-element elementor-element-7a0e9f5 elementor-icon-list--layout-inline elementor-list-item-link-full_width elementor-invisible elementor-widget elementor-widget-icon-list\" data-id=\"7a0e9f5\" data-element_type=\"widget\" data-e-type=\"widget\" data-settings=\"{&quot;_animation&quot;:&quot;fadeInUp&quot;,&quot;_animation_delay&quot;:1000}\" data-widget_type=\"icon-list.default\">\n\t\t\t\t<div class=\"elementor-widget-container\">\n\t\t\t\t\t\t\t<ul class=\"elementor-icon-list-items elementor-inline-items\">\n\t\t\t\t\t\t\t<li class=\"elementor-icon-list-item elementor-inline-item\">\n\t\t\t\t\t\t\t\t\t\t\t<span class=\"elementor-icon-list-icon\">\n\t\t\t\t\t\t\t<svg xmlns=\"http:\/\/www.w3.org\/2000\/svg\" width=\"38px\" height=\"38px\" stroke-width=\"1\" viewBox=\"0 0 24 24\" fill=\"none\"><path d=\"M10.5213 2.62368C11.3147 1.75255 12.6853 1.75255 13.4787 2.62368L14.4989 3.74391C14.8998 4.18418 15.4761 4.42288 16.071 4.39508L17.5845 4.32435C18.7614 4.26934 19.7307 5.23857 19.6757 6.41554L19.6049 7.92905C19.5771 8.52388 19.8158 9.10016 20.2561 9.50111L21.3763 10.5213C22.2475 11.3147 22.2475 12.6853 21.3763 13.4787L20.2561 14.4989C19.8158 14.8998 19.5771 15.4761 19.6049 16.071L19.6757 17.5845C19.7307 18.7614 18.7614 19.7307 17.5845 19.6757L16.071 19.6049C15.4761 19.5771 14.8998 19.8158 14.4989 20.2561L13.4787 21.3763C12.6853 22.2475 11.3147 22.2475 10.5213 21.3763L9.50111 20.2561C9.10016 19.8158 8.52388 19.5771 7.92905 19.6049L6.41553 19.6757C5.23857 19.7307 4.26934 18.7614 4.32435 17.5845L4.39508 16.071C4.42288 15.4761 4.18418 14.8998 3.74391 14.4989L2.62368 13.4787C1.75255 12.6853 1.75255 11.3147 2.62368 10.5213L3.74391 9.50111C4.18418 9.10016 4.42288 8.52388 4.39508 7.92905L4.32435 6.41553C4.26934 5.23857 5.23857 4.26934 6.41554 4.32435L7.92905 4.39508C8.52388 4.42288 9.10016 4.18418 9.50111 3.74391L10.5213 2.62368Z\" stroke=\"#ffffff\" stroke-width=\"1\"><\/path><path d=\"M9 12L11 14L15 10\" stroke=\"#ffffff\" stroke-width=\"1\" stroke-linecap=\"round\" stroke-linejoin=\"round\"><\/path><\/svg>\t\t\t\t\t\t<\/span>\n\t\t\t\t\t\t\t\t\t\t<span class=\"elementor-icon-list-text\">Branding<\/span>\n\t\t\t\t\t\t\t\t\t<\/li>\n\t\t\t\t\t\t\t\t<li class=\"elementor-icon-list-item elementor-inline-item\">\n\t\t\t\t\t\t\t\t\t\t\t<span class=\"elementor-icon-list-icon\">\n\t\t\t\t\t\t\t<svg xmlns=\"http:\/\/www.w3.org\/2000\/svg\" width=\"38px\" height=\"38px\" viewBox=\"0 0 24 24\" stroke-width=\"1\" fill=\"none\"><path d=\"M4.9984 2H2V4.9984H4.9984V2Z\" stroke=\"#ffffff\" stroke-width=\"1\" stroke-miterlimit=\"1.5\" stroke-linecap=\"round\" stroke-linejoin=\"round\"><\/path><path d=\"M4.99854 3.50098H18.9987\" stroke=\"#ffffff\" stroke-width=\"1\" stroke-miterlimit=\"1.5\" stroke-linecap=\"round\" stroke-linejoin=\"round\"><\/path><path d=\"M3.5 4.99854V19.0005\" stroke=\"#ffffff\" stroke-width=\"1\" stroke-miterlimit=\"1.5\" stroke-linecap=\"round\" stroke-linejoin=\"round\"><\/path><path d=\"M20.4978 5V19.002\" stroke=\"#ffffff\" stroke-width=\"1\" stroke-miterlimit=\"1.5\" stroke-linecap=\"round\" stroke-linejoin=\"round\"><\/path><path d=\"M4.99854 20.501H18.9987\" stroke=\"#ffffff\" stroke-width=\"1\" stroke-miterlimit=\"1.5\" stroke-linecap=\"round\" stroke-linejoin=\"round\"><\/path><path d=\"M4.9984 19H2V21.9984H4.9984V19Z\" stroke=\"#ffffff\" stroke-width=\"1\" stroke-miterlimit=\"1.5\" stroke-linecap=\"round\" stroke-linejoin=\"round\"><\/path><path d=\"M21.9974 2.00195H18.999V5.00035H21.9974V2.00195Z\" stroke=\"#ffffff\" stroke-width=\"1\" stroke-miterlimit=\"1.5\" stroke-linecap=\"round\" stroke-linejoin=\"round\"><\/path><path d=\"M21.9974 19.002H18.999V22.0004H21.9974V19.002Z\" stroke=\"#ffffff\" stroke-width=\"1\" stroke-miterlimit=\"1.5\" stroke-linecap=\"round\" stroke-linejoin=\"round\"><\/path><path fill-rule=\"evenodd\" clip-rule=\"evenodd\" d=\"M10.9966 15.002L7.99658 8.00195L14.9966 11.002L11.9986 12.0009L10.9966 15.002Z\" stroke=\"#ffffff\" stroke-width=\"1\" stroke-miterlimit=\"1.5\" stroke-linecap=\"round\" stroke-linejoin=\"round\"><\/path><path fill-rule=\"evenodd\" clip-rule=\"evenodd\" d=\"M11.999 12.002L14.997 15.002L11.999 12.002Z\" stroke=\"#ffffff\" stroke-width=\"1\" stroke-miterlimit=\"1.5\" stroke-linecap=\"round\" stroke-linejoin=\"round\"><\/path><\/svg>\t\t\t\t\t\t<\/span>\n\t\t\t\t\t\t\t\t\t\t<span class=\"elementor-icon-list-text\">UI\/UX Design<\/span>\n\t\t\t\t\t\t\t\t\t<\/li>\n\t\t\t\t\t\t\t\t<li class=\"elementor-icon-list-item elementor-inline-item\">\n\t\t\t\t\t\t\t\t\t\t\t<span class=\"elementor-icon-list-icon\">\n\t\t\t\t\t\t\t<svg xmlns=\"http:\/\/www.w3.org\/2000\/svg\" width=\"38px\" height=\"38px\" stroke-width=\"1\" viewBox=\"0 0 24 24\" fill=\"none\"><path d=\"M13.5 6L10 18.5\" stroke=\"#ffffff\" stroke-width=\"1\" stroke-linecap=\"round\" stroke-linejoin=\"round\"><\/path><path d=\"M6.5 8.5L3 12L6.5 15.5\" stroke=\"#ffffff\" stroke-width=\"1\" stroke-linecap=\"round\" stroke-linejoin=\"round\"><\/path><path d=\"M17.5 8.5L21 12L17.5 15.5\" stroke=\"#ffffff\" stroke-width=\"1\" stroke-linecap=\"round\" stroke-linejoin=\"round\"><\/path><\/svg>\t\t\t\t\t\t<\/span>\n\t\t\t\t\t\t\t\t\t\t<span class=\"elementor-icon-list-text\">Web Development<\/span>\n\t\t\t\t\t\t\t\t\t<\/li>\n\t\t\t\t\t\t<\/ul>\n\t\t\t\t\t\t<\/div>\n\t\t\t\t<\/div>\n\t\t\t\t<div class=\"elementor-element elementor-element-4cbc8ef elementor-invisible elementor-widget elementor-widget-heading\" data-id=\"4cbc8ef\" data-element_type=\"widget\" data-e-type=\"widget\" data-settings=\"{&quot;_animation&quot;:&quot;fadeInUp&quot;,&quot;_animation_delay&quot;:1250}\" data-widget_type=\"heading.default\">\n\t\t\t\t<div class=\"elementor-widget-container\">\n\t\t\t\t\t<h2 class=\"elementor-heading-title elementor-size-default\">2018 In collaboration with Laboratory Group<\/h2>\t\t\t\t<\/div>\n\t\t\t\t<\/div>\n\t\t\t\t<\/div>\n\t\t\t\t\t<\/div>\n\t\t\t\t<\/div>\n\t\t<div class=\"elementor-element elementor-element-aeadab7 e-flex e-con-boxed e-con e-parent\" data-id=\"aeadab7\" data-element_type=\"container\" data-e-type=\"container\" data-settings=\"{&quot;background_background&quot;:&quot;classic&quot;}\">\n\t\t\t\t\t<div class=\"e-con-inner\">\n\t\t<div class=\"elementor-element elementor-element-d2cd132 e-con-full e-flex e-con e-child\" data-id=\"d2cd132\" data-element_type=\"container\" data-e-type=\"container\" data-settings=\"{&quot;sticky&quot;:&quot;top&quot;,&quot;sticky_parent&quot;:&quot;yes&quot;,&quot;sticky_on&quot;:[&quot;desktop&quot;],&quot;sticky_offset&quot;:0,&quot;sticky_effects_offset&quot;:0,&quot;sticky_anchor_link_offset&quot;:0}\">\n\t\t\t\t<div class=\"elementor-element elementor-element-5e0652a elementor-widget elementor-widget-heading\" data-id=\"5e0652a\" data-element_type=\"widget\" data-e-type=\"widget\" data-widget_type=\"heading.default\">\n\t\t\t\t<div class=\"elementor-widget-container\">\n\t\t\t\t\t<h2 class=\"elementor-heading-title elementor-size-default\">Overview<\/h2>\t\t\t\t<\/div>\n\t\t\t\t<\/div>\n\t\t\t\t<\/div>\n\t\t<div class=\"elementor-element elementor-element-dc856f4 e-con-full e-flex e-con e-child\" data-id=\"dc856f4\" data-element_type=\"container\" data-e-type=\"container\">\n\t\t\t\t<div class=\"elementor-element elementor-element-429f5ba elementor-widget elementor-widget-text-editor\" data-id=\"429f5ba\" data-element_type=\"widget\" data-e-type=\"widget\" data-widget_type=\"text-editor.default\">\n\t\t\t\t<div class=\"elementor-widget-container\">\n\t\t\t\t\t\t\t\t\t<p>Tungsram came to Laboratory Group with a challenge to develop a new, innovative way to recruit workforce for their headquarters in Budapest. We came up with an idea that took the process into the real world: with a large, projection-on-canvas based textile cube that used lasers to detect pressure as a homemade touchscreen.<\/p>\t\t\t\t\t\t\t\t<\/div>\n\t\t\t\t<\/div>\n\t\t\t\t<\/div>\n\t\t\t\t\t<\/div>\n\t\t\t\t<\/div>\n\t\t<div class=\"elementor-element elementor-element-0763ed6 e-con-full e-flex e-con e-parent\" data-id=\"0763ed6\" data-element_type=\"container\" data-e-type=\"container\">\n\t\t<div class=\"elementor-element elementor-element-51ec7b4 e-con-full e-flex e-con e-child\" data-id=\"51ec7b4\" data-element_type=\"container\" data-e-type=\"container\">\n\t\t\t\t<div class=\"elementor-element elementor-element-e5d2ad6 elementor-widget elementor-widget-heading\" data-id=\"e5d2ad6\" data-element_type=\"widget\" data-e-type=\"widget\" data-widget_type=\"heading.default\">\n\t\t\t\t<div class=\"elementor-widget-container\">\n\t\t\t\t\t<h2 class=\"elementor-heading-title elementor-size-default\">View it in action<\/h2>\t\t\t\t<\/div>\n\t\t\t\t<\/div>\n\t\t\t\t<\/div>\n\t\t<div class=\"elementor-element elementor-element-6fdf2fb e-con-full e-flex e-con e-child\" data-id=\"6fdf2fb\" data-element_type=\"container\" data-e-type=\"container\">\n\t\t\t\t<div class=\"elementor-element elementor-element-d161276 elementor-widget elementor-widget-video\" data-id=\"d161276\" data-element_type=\"widget\" data-e-type=\"widget\" data-settings=\"{&quot;video_type&quot;:&quot;vimeo&quot;,&quot;autoplay&quot;:&quot;yes&quot;,&quot;play_on_mobile&quot;:&quot;yes&quot;,&quot;mute&quot;:&quot;yes&quot;,&quot;loop&quot;:&quot;yes&quot;,&quot;yt_privacy&quot;:&quot;yes&quot;}\" data-widget_type=\"video.default\">\n\t\t\t\t<div class=\"elementor-widget-container\">\n\t\t\t\t\t\t\t<div class=\"elementor-wrapper elementor-open-inline\">\n\t\t\t<iframe class=\"elementor-video-iframe\" allowfullscreen allow=\"autoplay\" title=\"vimeo vide\u00f3 lej\u00e1tsz\u00f3\" src=\"https:\/\/player.vimeo.com\/video\/336326967?autoplay=1&amp;playsinline=1&amp;color&amp;autopause=0&amp;dnt=true&amp;loop=1&amp;muted=1&amp;title=0&amp;portrait=0&amp;byline=0#t=\"><\/iframe>\t\t<\/div>\n\t\t\t\t\t\t<\/div>\n\t\t\t\t<\/div>\n\t\t\t\t<div class=\"elementor-element elementor-element-c99876e elementor-widget elementor-widget-text-editor\" data-id=\"c99876e\" data-element_type=\"widget\" data-e-type=\"widget\" data-widget_type=\"text-editor.default\">\n\t\t\t\t<div class=\"elementor-widget-container\">\n\t\t\t\t\t\t\t\t\t<p>Case study produced by Laboratory Group<\/p>\t\t\t\t\t\t\t\t<\/div>\n\t\t\t\t<\/div>\n\t\t\t\t<\/div>\n\t\t\t\t<\/div>\n\t\t<div class=\"elementor-element elementor-element-0dbac36 e-flex e-con-boxed e-con e-parent\" data-id=\"0dbac36\" data-element_type=\"container\" data-e-type=\"container\" data-settings=\"{&quot;background_background&quot;:&quot;classic&quot;}\">\n\t\t\t\t\t<div class=\"e-con-inner\">\n\t\t<div class=\"elementor-element elementor-element-10d124c e-con-full e-flex e-con e-child\" data-id=\"10d124c\" data-element_type=\"container\" data-e-type=\"container\" data-settings=\"{&quot;sticky&quot;:&quot;top&quot;,&quot;sticky_parent&quot;:&quot;yes&quot;,&quot;sticky_on&quot;:[&quot;desktop&quot;],&quot;sticky_offset&quot;:0,&quot;sticky_effects_offset&quot;:0,&quot;sticky_anchor_link_offset&quot;:0}\">\n\t\t\t\t<div class=\"elementor-element elementor-element-38afbd5 elementor-widget elementor-widget-heading\" data-id=\"38afbd5\" data-element_type=\"widget\" data-e-type=\"widget\" data-widget_type=\"heading.default\">\n\t\t\t\t<div class=\"elementor-widget-container\">\n\t\t\t\t\t<h2 class=\"elementor-heading-title elementor-size-default\">Layouts<\/h2>\t\t\t\t<\/div>\n\t\t\t\t<\/div>\n\t\t\t\t<div class=\"elementor-element elementor-element-8833531 elementor-widget elementor-widget-text-editor\" data-id=\"8833531\" data-element_type=\"widget\" data-e-type=\"widget\" data-widget_type=\"text-editor.default\">\n\t\t\t\t<div class=\"elementor-widget-container\">\n\t\t\t\t\t\t\t\t\t<p>I was lucky enough to be included from the first branstorming sessions, I had the opportunity to figure out how to solve this unique challenge. We had to come up with a new idea beyond the usual. So we opted for a new kind of touchscreen: one made of fabric.<\/p><p>The cube was equipped with lights, a speaker and and inviting tone for everyone to try it out. Using lasers, a fabric and a projector we came up with a fabric touchscreen, that was just a joy to interact with.<\/p><p>The users were presented with a series of questions, each trying to pinpoint certain personality traits. The best results were awarded with a job offer: all they had to do was scan a QR code and apply on their mobile phones.<\/p>\t\t\t\t\t\t\t\t<\/div>\n\t\t\t\t<\/div>\n\t\t\t\t<\/div>\n\t\t<div class=\"elementor-element elementor-element-4fa53a5 e-con-full e-flex e-con e-child\" data-id=\"4fa53a5\" data-element_type=\"container\" data-e-type=\"container\">\n\t\t\t\t<div class=\"elementor-element elementor-element-ef0fb7e elementor-widget elementor-widget-heading\" data-id=\"ef0fb7e\" data-element_type=\"widget\" data-e-type=\"widget\" data-widget_type=\"heading.default\">\n\t\t\t\t<div class=\"elementor-widget-container\">\n\t\t\t\t\t<h2 class=\"elementor-heading-title elementor-size-default\">FINISHED SPLASH PAGE<\/h2>\t\t\t\t<\/div>\n\t\t\t\t<\/div>\n\t\t\t\t<div class=\"elementor-element elementor-element-424b78f animated-slow elementor-invisible elementor-widget elementor-widget-image\" data-id=\"424b78f\" data-element_type=\"widget\" data-e-type=\"widget\" data-settings=\"{&quot;_animation&quot;:&quot;fadeIn&quot;}\" data-widget_type=\"image.default\">\n\t\t\t\t<div class=\"elementor-widget-container\">\n\t\t\t\t\t\t\t\t\t\t\t\t\t\t\t\t<a href=\"https:\/\/martontoth.net\/wp-content\/uploads\/2024\/02\/tungsram-landing-scaled.jpg\" data-elementor-open-lightbox=\"yes\" data-elementor-lightbox-title=\"tungsram-landing\" data-e-action-hash=\"#elementor-action%3Aaction%3Dlightbox%26settings%3DeyJpZCI6MTkwNSwidXJsIjoiaHR0cHM6XC9cL21hcnRvbnRvdGgubmV0XC93cC1jb250ZW50XC91cGxvYWRzXC8yMDI0XC8wMlwvdHVuZ3NyYW0tbGFuZGluZy1zY2FsZWQuanBnIn0%3D\">\n\t\t\t\t\t\t\t<img fetchpriority=\"high\" decoding=\"async\" width=\"745\" height=\"1536\" src=\"https:\/\/martontoth.net\/wp-content\/uploads\/2024\/02\/tungsram-landing-745x1536.jpg\" class=\"attachment-1536x1536 size-1536x1536 wp-image-1905\" alt=\"\" srcset=\"https:\/\/martontoth.net\/wp-content\/uploads\/2024\/02\/tungsram-landing-745x1536.jpg 745w, https:\/\/martontoth.net\/wp-content\/uploads\/2024\/02\/tungsram-landing-146x300.jpg 146w, https:\/\/martontoth.net\/wp-content\/uploads\/2024\/02\/tungsram-landing-497x1024.jpg 497w, https:\/\/martontoth.net\/wp-content\/uploads\/2024\/02\/tungsram-landing-768x1582.jpg 768w, https:\/\/martontoth.net\/wp-content\/uploads\/2024\/02\/tungsram-landing-994x2048.jpg 994w, https:\/\/martontoth.net\/wp-content\/uploads\/2024\/02\/tungsram-landing-scaled.jpg 1242w\" sizes=\"(max-width: 745px) 100vw, 745px\" \/>\t\t\t\t\t\t\t\t<\/a>\n\t\t\t\t\t\t\t\t\t\t\t\t\t\t\t<\/div>\n\t\t\t\t<\/div>\n\t\t\t\t<div class=\"elementor-element elementor-element-f2d225c elementor-widget elementor-widget-spacer\" data-id=\"f2d225c\" data-element_type=\"widget\" data-e-type=\"widget\" data-widget_type=\"spacer.default\">\n\t\t\t\t<div class=\"elementor-widget-container\">\n\t\t\t\t\t\t\t<div class=\"elementor-spacer\">\n\t\t\t<div class=\"elementor-spacer-inner\"><\/div>\n\t\t<\/div>\n\t\t\t\t\t\t<\/div>\n\t\t\t\t<\/div>\n\t\t\t\t<div class=\"elementor-element elementor-element-b231799 elementor-widget elementor-widget-heading\" data-id=\"b231799\" data-element_type=\"widget\" data-e-type=\"widget\" data-widget_type=\"heading.default\">\n\t\t\t\t<div class=\"elementor-widget-container\">\n\t\t\t\t\t<h2 class=\"elementor-heading-title elementor-size-default\">SOME OF THE TOUCH SCREENS<\/h2>\t\t\t\t<\/div>\n\t\t\t\t<\/div>\n\t\t\t\t<div class=\"elementor-element elementor-element-2e349e1 elementor-widget elementor-widget-gallery\" data-id=\"2e349e1\" data-element_type=\"widget\" data-e-type=\"widget\" data-settings=\"{&quot;gallery_layout&quot;:&quot;masonry&quot;,&quot;columns&quot;:1,&quot;columns_tablet&quot;:3,&quot;columns_mobile&quot;:1,&quot;gap&quot;:{&quot;unit&quot;:&quot;px&quot;,&quot;size&quot;:10,&quot;sizes&quot;:[]},&quot;gap_tablet&quot;:{&quot;unit&quot;:&quot;px&quot;,&quot;size&quot;:10,&quot;sizes&quot;:[]},&quot;gap_mobile&quot;:{&quot;unit&quot;:&quot;px&quot;,&quot;size&quot;:10,&quot;sizes&quot;:[]},&quot;content_hover_animation&quot;:&quot;fade-in&quot;}\" data-widget_type=\"gallery.default\">\n\t\t\t\t<div class=\"elementor-widget-container\">\n\t\t\t\t\t\t\t<div class=\"elementor-gallery__container\">\n\t\t\t\t\t\t\t<div class=\"e-gallery-item elementor-gallery-item elementor-animated-content\">\n\t\t\t\t\t<div class=\"e-gallery-image elementor-gallery-item__image\" data-thumbnail=\"https:\/\/martontoth.net\/wp-content\/uploads\/2024\/02\/lab-tungsram-lightbox-ui-v04-01-1024x640.jpg\" data-width=\"800\" data-height=\"500\" aria-label=\"\" role=\"img\" ><\/div>\n\t\t\t\t\t\t\t\t\t\t\t\t\t\t<\/div>\n\t\t\t\t\t\t\t<div class=\"e-gallery-item elementor-gallery-item elementor-animated-content\">\n\t\t\t\t\t<div class=\"e-gallery-image elementor-gallery-item__image\" data-thumbnail=\"https:\/\/martontoth.net\/wp-content\/uploads\/2024\/02\/lab-tungsram-lightbox-ui-v04-03-1024x640.jpg\" data-width=\"800\" data-height=\"500\" aria-label=\"\" role=\"img\" ><\/div>\n\t\t\t\t\t\t\t\t\t\t\t\t\t\t<\/div>\n\t\t\t\t\t\t\t<div class=\"e-gallery-item elementor-gallery-item elementor-animated-content\">\n\t\t\t\t\t<div class=\"e-gallery-image elementor-gallery-item__image\" data-thumbnail=\"https:\/\/martontoth.net\/wp-content\/uploads\/2024\/02\/lab-tungsram-lightbox-ui-v04-04-1024x640.jpg\" data-width=\"800\" data-height=\"500\" aria-label=\"\" role=\"img\" ><\/div>\n\t\t\t\t\t\t\t\t\t\t\t\t\t\t<\/div>\n\t\t\t\t\t\t\t<div class=\"e-gallery-item elementor-gallery-item elementor-animated-content\">\n\t\t\t\t\t<div class=\"e-gallery-image elementor-gallery-item__image\" data-thumbnail=\"https:\/\/martontoth.net\/wp-content\/uploads\/2024\/02\/lab-tungsram-lightbox-ui-v04-05-1024x640.jpg\" data-width=\"800\" data-height=\"500\" aria-label=\"\" role=\"img\" ><\/div>\n\t\t\t\t\t\t\t\t\t\t\t\t\t\t<\/div>\n\t\t\t\t\t<\/div>\n\t\t\t\t\t<\/div>\n\t\t\t\t<\/div>\n\t\t\t\t<\/div>\n\t\t\t\t\t<\/div>\n\t\t\t\t<\/div>\n\t\t<div class=\"elementor-element elementor-element-957db72 e-flex e-con-boxed e-con e-parent\" data-id=\"957db72\" data-element_type=\"container\" data-e-type=\"container\" data-settings=\"{&quot;background_background&quot;:&quot;classic&quot;}\">\n\t\t\t\t\t<div class=\"e-con-inner\">\n\t\t<div class=\"elementor-element elementor-element-46491ac e-con-full e-flex e-con e-child\" data-id=\"46491ac\" data-element_type=\"container\" data-e-type=\"container\">\n\t\t\t\t<div class=\"elementor-element elementor-element-75de414 elementor-widget elementor-widget-heading\" data-id=\"75de414\" data-element_type=\"widget\" data-e-type=\"widget\" data-widget_type=\"heading.default\">\n\t\t\t\t<div class=\"elementor-widget-container\">\n\t\t\t\t\t<h2 class=\"elementor-heading-title elementor-size-default\">Summary<\/h2>\t\t\t\t<\/div>\n\t\t\t\t<\/div>\n\t\t\t\t<div class=\"elementor-element elementor-element-2c1f363 elementor-widget elementor-widget-text-editor\" data-id=\"2c1f363\" data-element_type=\"widget\" data-e-type=\"widget\" data-widget_type=\"text-editor.default\">\n\t\t\t\t<div class=\"elementor-widget-container\">\n\t\t\t\t\t\t\t\t\t<p>The unique approach to recruiting was a tremendous success on campus and the applications for the positions were way beyond than expected.<\/p>\t\t\t\t\t\t\t\t<\/div>\n\t\t\t\t<\/div>\n\t\t\t\t<\/div>\n\t\t\t\t\t<\/div>\n\t\t\t\t<\/div>\n\t\t\t\t<\/div>\n\t\t","protected":false},"excerpt":{"rendered":"<p>Tungsram Trojan Cube Branding UI\/UX Design Web Development 2018 In collaboration with Laboratory Group Overview Tungsram came to Laboratory Group with a challenge to develop a new, innovative way to recruit workforce for their headquarters in Budapest. We came up with an idea that took the process into the real world: with a large, projection-on-canvas [&hellip;]<\/p>\n","protected":false},"author":1,"featured_media":0,"parent":1142,"menu_order":0,"comment_status":"closed","ping_status":"closed","template":"elementor_header_footer","meta":{"footnotes":""},"class_list":["post-1900","page","type-page","status-publish","hentry"],"_links":{"self":[{"href":"https:\/\/martontoth.net\/en\/wp-json\/wp\/v2\/pages\/1900","targetHints":{"allow":["GET"]}}],"collection":[{"href":"https:\/\/martontoth.net\/en\/wp-json\/wp\/v2\/pages"}],"about":[{"href":"https:\/\/martontoth.net\/en\/wp-json\/wp\/v2\/types\/page"}],"author":[{"embeddable":true,"href":"https:\/\/martontoth.net\/en\/wp-json\/wp\/v2\/users\/1"}],"replies":[{"embeddable":true,"href":"https:\/\/martontoth.net\/en\/wp-json\/wp\/v2\/comments?post=1900"}],"version-history":[{"count":5,"href":"https:\/\/martontoth.net\/en\/wp-json\/wp\/v2\/pages\/1900\/revisions"}],"predecessor-version":[{"id":1925,"href":"https:\/\/martontoth.net\/en\/wp-json\/wp\/v2\/pages\/1900\/revisions\/1925"}],"up":[{"embeddable":true,"href":"https:\/\/martontoth.net\/en\/wp-json\/wp\/v2\/pages\/1142"}],"wp:attachment":[{"href":"https:\/\/martontoth.net\/en\/wp-json\/wp\/v2\/media?parent=1900"}],"curies":[{"name":"wp","href":"https:\/\/api.w.org\/{rel}","templated":true}]}}