{"id":2705,"date":"2024-03-08T09:58:16","date_gmt":"2024-03-08T09:58:16","guid":{"rendered":"https:\/\/martontoth.net\/?page_id=2705"},"modified":"2026-03-31T11:07:45","modified_gmt":"2026-03-31T09:07:45","slug":"thank-you","status":"publish","type":"page","link":"https:\/\/martontoth.net\/en\/contact\/thank-you\/","title":{"rendered":"K\u00f6sz\u00f6n\u00f6m!"},"content":{"rendered":"<div data-elementor-type=\"wp-page\" data-elementor-id=\"2705\" class=\"elementor elementor-2705\" data-elementor-post-type=\"page\">\n\t\t\t\t<div class=\"elementor-element elementor-element-cf4a883 e-flex e-con-boxed e-con e-parent\" data-id=\"cf4a883\" data-element_type=\"container\" data-e-type=\"container\" data-settings=\"{&quot;background_background&quot;:&quot;gradient&quot;}\">\n\t\t\t\t\t<div class=\"e-con-inner\">\n\t\t<div class=\"elementor-element elementor-element-18791f8 e-flex e-con-boxed e-con e-child\" data-id=\"18791f8\" data-element_type=\"container\" data-e-type=\"container\">\n\t\t\t\t\t<div class=\"e-con-inner\">\n\t\t<div class=\"elementor-element elementor-element-7f119eb e-con-full e-flex e-con e-child\" data-id=\"7f119eb\" data-element_type=\"container\" data-e-type=\"container\">\n\t\t<div class=\"elementor-element elementor-element-0e0e9b0 e-con-full e-flex e-con e-child\" data-id=\"0e0e9b0\" data-element_type=\"container\" data-e-type=\"container\">\n\t\t\t\t<div class=\"elementor-element elementor-element-694d235 animated-fast gradient-text elementor-invisible elementor-widget elementor-widget-heading\" data-id=\"694d235\" data-element_type=\"widget\" data-e-type=\"widget\" data-settings=\"{&quot;_animation&quot;:&quot;fadeInUp&quot;}\" data-widget_type=\"heading.default\">\n\t\t\t\t<div class=\"elementor-widget-container\">\n\t\t\t\t\t<h1 class=\"elementor-heading-title elementor-size-default\">Thank you!<\/h1>\t\t\t\t<\/div>\n\t\t\t\t<\/div>\n\t\t\t\t<\/div>\n\t\t\t\t<div class=\"elementor-element elementor-element-c468add elementor-widget elementor-widget-heading\" data-id=\"c468add\" data-element_type=\"widget\" data-e-type=\"widget\" data-widget_type=\"heading.default\">\n\t\t\t\t<div class=\"elementor-widget-container\">\n\t\t\t\t\t<h2 class=\"elementor-heading-title elementor-size-default\">Thank you for contacting me! Your message is delivered and I'll be in touch shortly.<\/h2>\t\t\t\t<\/div>\n\t\t\t\t<\/div>\n\t\t\t\t<\/div>\n\t\t\t\t\t<\/div>\n\t\t\t\t<\/div>\n\t\t\t\t\t<\/div>\n\t\t\t\t<\/div>\n\t\t\t\t<\/div>","protected":false},"excerpt":{"rendered":"<p>Thank you! Thank you for contacting me! Your message is delivered and I&#8217;ll be in touch shortly.<\/p>","protected":false},"author":1,"featured_media":0,"parent":1614,"menu_order":0,"comment_status":"closed","ping_status":"closed","template":"elementor_header_footer","meta":{"footnotes":""},"class_list":["post-2705","page","type-page","status-publish","hentry"],"_links":{"self":[{"href":"https:\/\/martontoth.net\/en\/wp-json\/wp\/v2\/pages\/2705","targetHints":{"allow":["GET"]}}],"collection":[{"href":"https:\/\/martontoth.net\/en\/wp-json\/wp\/v2\/pages"}],"about":[{"href":"https:\/\/martontoth.net\/en\/wp-json\/wp\/v2\/types\/page"}],"author":[{"embeddable":true,"href":"https:\/\/martontoth.net\/en\/wp-json\/wp\/v2\/users\/1"}],"replies":[{"embeddable":true,"href":"https:\/\/martontoth.net\/en\/wp-json\/wp\/v2\/comments?post=2705"}],"version-history":[{"count":5,"href":"https:\/\/martontoth.net\/en\/wp-json\/wp\/v2\/pages\/2705\/revisions"}],"predecessor-version":[{"id":3403,"href":"https:\/\/martontoth.net\/en\/wp-json\/wp\/v2\/pages\/2705\/revisions\/3403"}],"up":[{"embeddable":true,"href":"https:\/\/martontoth.net\/en\/wp-json\/wp\/v2\/pages\/1614"}],"wp:attachment":[{"href":"https:\/\/martontoth.net\/en\/wp-json\/wp\/v2\/media?parent=2705"}],"curies":[{"name":"wp","href":"https:\/\/api.w.org\/{rel}","templated":true}]}}