{"id":3011,"date":"2025-09-02T07:28:03","date_gmt":"2025-09-02T07:28:03","guid":{"rendered":"https:\/\/martontoth.net\/?page_id=3011"},"modified":"2025-09-12T09:28:41","modified_gmt":"2025-09-12T09:28:41","slug":"schwarz-bistro","status":"publish","type":"page","link":"https:\/\/martontoth.net\/en\/works\/schwarz-bistro\/","title":{"rendered":"Schwarz Bistro"},"content":{"rendered":"\t\t<div data-elementor-type=\"wp-page\" data-elementor-id=\"3011\" class=\"elementor elementor-3011\" data-elementor-post-type=\"page\">\n\t\t\t\t<div class=\"elementor-element elementor-element-e462300 e-flex e-con-boxed e-con e-parent\" data-id=\"e462300\" data-element_type=\"container\" data-e-type=\"container\" data-settings=\"{&quot;background_background&quot;:&quot;classic&quot;}\">\n\t\t\t\t\t<div class=\"e-con-inner\">\n\t\t\t\t<div class=\"elementor-element elementor-element-237d483 animated-fast elementor-invisible elementor-widget elementor-widget-heading\" data-id=\"237d483\" data-element_type=\"widget\" data-e-type=\"widget\" data-settings=\"{&quot;_animation&quot;:&quot;fadeInUp&quot;,&quot;_animation_delay&quot;:500}\" data-widget_type=\"heading.default\">\n\t\t\t\t<div class=\"elementor-widget-container\">\n\t\t\t\t\t<h1 class=\"elementor-heading-title elementor-size-default\">Schwarz Bistro<\/h1>\t\t\t\t<\/div>\n\t\t\t\t<\/div>\n\t\t<div class=\"elementor-element elementor-element-a00f8db e-con-full e-flex e-con e-child\" data-id=\"a00f8db\" data-element_type=\"container\" data-e-type=\"container\">\n\t\t\t\t<div class=\"elementor-element elementor-element-7a0e9f5 elementor-icon-list--layout-inline elementor-list-item-link-full_width elementor-invisible elementor-widget elementor-widget-icon-list\" data-id=\"7a0e9f5\" data-element_type=\"widget\" data-e-type=\"widget\" data-settings=\"{&quot;_animation&quot;:&quot;fadeInUp&quot;,&quot;_animation_delay&quot;:1000}\" data-widget_type=\"icon-list.default\">\n\t\t\t\t<div class=\"elementor-widget-container\">\n\t\t\t\t\t\t\t<ul class=\"elementor-icon-list-items elementor-inline-items\">\n\t\t\t\t\t\t\t<li class=\"elementor-icon-list-item elementor-inline-item\">\n\t\t\t\t\t\t\t\t\t\t\t<span class=\"elementor-icon-list-icon\">\n\t\t\t\t\t\t\t<svg xmlns=\"http:\/\/www.w3.org\/2000\/svg\" width=\"38px\" height=\"38px\" viewBox=\"0 0 24 24\" stroke-width=\"1\" fill=\"none\"><path d=\"M4.9984 2H2V4.9984H4.9984V2Z\" stroke=\"#ffffff\" stroke-width=\"1\" stroke-miterlimit=\"1.5\" stroke-linecap=\"round\" stroke-linejoin=\"round\"><\/path><path d=\"M4.99854 3.50098H18.9987\" stroke=\"#ffffff\" stroke-width=\"1\" stroke-miterlimit=\"1.5\" stroke-linecap=\"round\" stroke-linejoin=\"round\"><\/path><path d=\"M3.5 4.99854V19.0005\" stroke=\"#ffffff\" stroke-width=\"1\" stroke-miterlimit=\"1.5\" stroke-linecap=\"round\" stroke-linejoin=\"round\"><\/path><path d=\"M20.4978 5V19.002\" stroke=\"#ffffff\" stroke-width=\"1\" stroke-miterlimit=\"1.5\" stroke-linecap=\"round\" stroke-linejoin=\"round\"><\/path><path d=\"M4.99854 20.501H18.9987\" stroke=\"#ffffff\" stroke-width=\"1\" stroke-miterlimit=\"1.5\" stroke-linecap=\"round\" stroke-linejoin=\"round\"><\/path><path d=\"M4.9984 19H2V21.9984H4.9984V19Z\" stroke=\"#ffffff\" stroke-width=\"1\" stroke-miterlimit=\"1.5\" stroke-linecap=\"round\" stroke-linejoin=\"round\"><\/path><path d=\"M21.9974 2.00195H18.999V5.00035H21.9974V2.00195Z\" stroke=\"#ffffff\" stroke-width=\"1\" stroke-miterlimit=\"1.5\" stroke-linecap=\"round\" stroke-linejoin=\"round\"><\/path><path d=\"M21.9974 19.002H18.999V22.0004H21.9974V19.002Z\" stroke=\"#ffffff\" stroke-width=\"1\" stroke-miterlimit=\"1.5\" stroke-linecap=\"round\" stroke-linejoin=\"round\"><\/path><path fill-rule=\"evenodd\" clip-rule=\"evenodd\" d=\"M10.9966 15.002L7.99658 8.00195L14.9966 11.002L11.9986 12.0009L10.9966 15.002Z\" stroke=\"#ffffff\" stroke-width=\"1\" stroke-miterlimit=\"1.5\" stroke-linecap=\"round\" stroke-linejoin=\"round\"><\/path><path fill-rule=\"evenodd\" clip-rule=\"evenodd\" d=\"M11.999 12.002L14.997 15.002L11.999 12.002Z\" stroke=\"#ffffff\" stroke-width=\"1\" stroke-miterlimit=\"1.5\" stroke-linecap=\"round\" stroke-linejoin=\"round\"><\/path><\/svg>\t\t\t\t\t\t<\/span>\n\t\t\t\t\t\t\t\t\t\t<span class=\"elementor-icon-list-text\">UI\/UX Design<\/span>\n\t\t\t\t\t\t\t\t\t<\/li>\n\t\t\t\t\t\t\t\t<li class=\"elementor-icon-list-item elementor-inline-item\">\n\t\t\t\t\t\t\t\t\t\t\t<span class=\"elementor-icon-list-icon\">\n\t\t\t\t\t\t\t<svg xmlns=\"http:\/\/www.w3.org\/2000\/svg\" width=\"38px\" height=\"38px\" stroke-width=\"1\" viewBox=\"0 0 24 24\" fill=\"none\"><path d=\"M13.5 6L10 18.5\" stroke=\"#ffffff\" stroke-width=\"1\" stroke-linecap=\"round\" stroke-linejoin=\"round\"><\/path><path d=\"M6.5 8.5L3 12L6.5 15.5\" stroke=\"#ffffff\" stroke-width=\"1\" stroke-linecap=\"round\" stroke-linejoin=\"round\"><\/path><path d=\"M17.5 8.5L21 12L17.5 15.5\" stroke=\"#ffffff\" stroke-width=\"1\" stroke-linecap=\"round\" stroke-linejoin=\"round\"><\/path><\/svg>\t\t\t\t\t\t<\/span>\n\t\t\t\t\t\t\t\t\t\t<span class=\"elementor-icon-list-text\">Custom WordPress Development<\/span>\n\t\t\t\t\t\t\t\t\t<\/li>\n\t\t\t\t\t\t\t\t<li class=\"elementor-icon-list-item elementor-inline-item\">\n\t\t\t\t\t\t\t\t\t\t\t<span class=\"elementor-icon-list-icon\">\n\t\t\t\t\t\t\t<svg xmlns=\"http:\/\/www.w3.org\/2000\/svg\" width=\"38px\" height=\"38px\" stroke-width=\"1\" viewBox=\"0 0 24 24\" fill=\"none\"><path d=\"M10.5213 2.62368C11.3147 1.75255 12.6853 1.75255 13.4787 2.62368L14.4989 3.74391C14.8998 4.18418 15.4761 4.42288 16.071 4.39508L17.5845 4.32435C18.7614 4.26934 19.7307 5.23857 19.6757 6.41554L19.6049 7.92905C19.5771 8.52388 19.8158 9.10016 20.2561 9.50111L21.3763 10.5213C22.2475 11.3147 22.2475 12.6853 21.3763 13.4787L20.2561 14.4989C19.8158 14.8998 19.5771 15.4761 19.6049 16.071L19.6757 17.5845C19.7307 18.7614 18.7614 19.7307 17.5845 19.6757L16.071 19.6049C15.4761 19.5771 14.8998 19.8158 14.4989 20.2561L13.4787 21.3763C12.6853 22.2475 11.3147 22.2475 10.5213 21.3763L9.50111 20.2561C9.10016 19.8158 8.52388 19.5771 7.92905 19.6049L6.41553 19.6757C5.23857 19.7307 4.26934 18.7614 4.32435 17.5845L4.39508 16.071C4.42288 15.4761 4.18418 14.8998 3.74391 14.4989L2.62368 13.4787C1.75255 12.6853 1.75255 11.3147 2.62368 10.5213L3.74391 9.50111C4.18418 9.10016 4.42288 8.52388 4.39508 7.92905L4.32435 6.41553C4.26934 5.23857 5.23857 4.26934 6.41554 4.32435L7.92905 4.39508C8.52388 4.42288 9.10016 4.18418 9.50111 3.74391L10.5213 2.62368Z\" stroke=\"#ffffff\" stroke-width=\"1\"><\/path><path d=\"M9 12L11 14L15 10\" stroke=\"#ffffff\" stroke-width=\"1\" stroke-linecap=\"round\" stroke-linejoin=\"round\"><\/path><\/svg>\t\t\t\t\t\t<\/span>\n\t\t\t\t\t\t\t\t\t\t<span class=\"elementor-icon-list-text\">Maintenance<\/span>\n\t\t\t\t\t\t\t\t\t<\/li>\n\t\t\t\t\t\t<\/ul>\n\t\t\t\t\t\t<\/div>\n\t\t\t\t<\/div>\n\t\t\t\t<div class=\"elementor-element elementor-element-4cbc8ef elementor-invisible elementor-widget elementor-widget-heading\" data-id=\"4cbc8ef\" data-element_type=\"widget\" data-e-type=\"widget\" data-settings=\"{&quot;_animation&quot;:&quot;fadeInUp&quot;,&quot;_animation_delay&quot;:1250}\" data-widget_type=\"heading.default\">\n\t\t\t\t<div class=\"elementor-widget-container\">\n\t\t\t\t\t<h2 class=\"elementor-heading-title elementor-size-default\">2024<\/h2>\t\t\t\t<\/div>\n\t\t\t\t<\/div>\n\t\t\t\t<\/div>\n\t\t\t\t\t<\/div>\n\t\t\t\t<\/div>\n\t\t<div class=\"elementor-element elementor-element-aeadab7 e-flex e-con-boxed e-con e-parent\" data-id=\"aeadab7\" data-element_type=\"container\" data-e-type=\"container\" data-settings=\"{&quot;background_background&quot;:&quot;classic&quot;}\">\n\t\t\t\t\t<div class=\"e-con-inner\">\n\t\t<div class=\"elementor-element elementor-element-d2cd132 e-con-full e-flex e-con e-child\" data-id=\"d2cd132\" data-element_type=\"container\" data-e-type=\"container\" data-settings=\"{&quot;sticky&quot;:&quot;top&quot;,&quot;sticky_parent&quot;:&quot;yes&quot;,&quot;sticky_on&quot;:[&quot;desktop&quot;],&quot;sticky_offset&quot;:0,&quot;sticky_effects_offset&quot;:0,&quot;sticky_anchor_link_offset&quot;:0}\">\n\t\t\t\t<div class=\"elementor-element elementor-element-5e0652a elementor-widget elementor-widget-heading\" data-id=\"5e0652a\" data-element_type=\"widget\" data-e-type=\"widget\" data-widget_type=\"heading.default\">\n\t\t\t\t<div class=\"elementor-widget-container\">\n\t\t\t\t\t<h2 class=\"elementor-heading-title elementor-size-default\">Overview<\/h2>\t\t\t\t<\/div>\n\t\t\t\t<\/div>\n\t\t\t\t<\/div>\n\t\t<div class=\"elementor-element elementor-element-dc856f4 e-con-full e-flex e-con e-child\" data-id=\"dc856f4\" data-element_type=\"container\" data-e-type=\"container\">\n\t\t\t\t<div class=\"elementor-element elementor-element-429f5ba elementor-widget elementor-widget-text-editor\" data-id=\"429f5ba\" data-element_type=\"widget\" data-e-type=\"widget\" data-widget_type=\"text-editor.default\">\n\t\t\t\t<div class=\"elementor-widget-container\">\n\t\t\t\t\t\t\t\t\t<p>I partnered with <strong>Schwarz Bistro<\/strong>, a premium yet welcoming restaurant and proud member of<strong> SV\u00c9T (St\u00edlusos Vid\u00e9ki \u00c9ttermis\u00e9g)<\/strong>, to redesign their online presence. The goal was clear: create a mobile-first website that showcases weekly menus, enables seamless reservations, and communicates in three languages.<\/p>\t\t\t\t\t\t\t\t<\/div>\n\t\t\t\t<\/div>\n\t\t\t\t<\/div>\n\t\t\t\t\t<\/div>\n\t\t\t\t<\/div>\n\t\t<div class=\"elementor-element elementor-element-0dbac36 e-flex e-con-boxed e-con e-parent\" data-id=\"0dbac36\" data-element_type=\"container\" data-e-type=\"container\" data-settings=\"{&quot;background_background&quot;:&quot;classic&quot;}\">\n\t\t\t\t\t<div class=\"e-con-inner\">\n\t\t<div class=\"elementor-element elementor-element-10d124c e-con-full e-flex e-con e-child\" data-id=\"10d124c\" data-element_type=\"container\" data-e-type=\"container\" data-settings=\"{&quot;sticky&quot;:&quot;top&quot;,&quot;sticky_parent&quot;:&quot;yes&quot;,&quot;sticky_on&quot;:[&quot;desktop&quot;],&quot;sticky_offset&quot;:0,&quot;sticky_effects_offset&quot;:0,&quot;sticky_anchor_link_offset&quot;:0}\">\n\t\t\t\t<div class=\"elementor-element elementor-element-38afbd5 elementor-widget elementor-widget-heading\" data-id=\"38afbd5\" data-element_type=\"widget\" data-e-type=\"widget\" data-widget_type=\"heading.default\">\n\t\t\t\t<div class=\"elementor-widget-container\">\n\t\t\t\t\t<h2 class=\"elementor-heading-title elementor-size-default\">Appetizer<\/h2>\t\t\t\t<\/div>\n\t\t\t\t<\/div>\n\t\t\t\t<div class=\"elementor-element elementor-element-8833531 elementor-widget elementor-widget-text-editor\" data-id=\"8833531\" data-element_type=\"widget\" data-e-type=\"widget\" data-widget_type=\"text-editor.default\">\n\t\t\t\t<div class=\"elementor-widget-container\">\n\t\t\t\t\t\t\t\t\t<p>The bistro needed more than a static website. They wanted a solution that allowed them to publish new menus every week, not just online but also as printable formats for guests. At the same time, the site had to reflect the restaurant\u2019s refined yet friendly character and support a smooth multilingual workflow.<\/p>\t\t\t\t\t\t\t\t<\/div>\n\t\t\t\t<\/div>\n\t\t\t\t<\/div>\n\t\t<div class=\"elementor-element elementor-element-4fa53a5 e-con-full e-flex e-con e-child\" data-id=\"4fa53a5\" data-element_type=\"container\" data-e-type=\"container\">\n\t\t\t\t<div class=\"elementor-element elementor-element-ef0fb7e elementor-widget elementor-widget-heading\" data-id=\"ef0fb7e\" data-element_type=\"widget\" data-e-type=\"widget\" data-widget_type=\"heading.default\">\n\t\t\t\t<div class=\"elementor-widget-container\">\n\t\t\t\t\t<h2 class=\"elementor-heading-title elementor-size-default\">LANDING PAGE<\/h2>\t\t\t\t<\/div>\n\t\t\t\t<\/div>\n\t\t\t\t<div class=\"elementor-element elementor-element-0f9d046 elementor-widget elementor-widget-image\" data-id=\"0f9d046\" data-element_type=\"widget\" data-e-type=\"widget\" data-widget_type=\"image.default\">\n\t\t\t\t<div class=\"elementor-widget-container\">\n\t\t\t\t\t\t\t\t\t\t\t\t\t\t\t\t<a href=\"https:\/\/martontoth.net\/wp-content\/uploads\/2025\/09\/sb-mockup-1-1-scaled.jpg\" data-elementor-open-lightbox=\"yes\" data-elementor-lightbox-title=\"sb-mockup-1-1\" data-e-action-hash=\"#elementor-action%3Aaction%3Dlightbox%26settings%3DeyJpZCI6MzA0NSwidXJsIjoiaHR0cHM6XC9cL21hcnRvbnRvdGgubmV0XC93cC1jb250ZW50XC91cGxvYWRzXC8yMDI1XC8wOVwvc2ItbW9ja3VwLTEtMS1zY2FsZWQuanBnIn0%3D\">\n\t\t\t\t\t\t\t<img fetchpriority=\"high\" decoding=\"async\" width=\"800\" height=\"534\" src=\"https:\/\/martontoth.net\/wp-content\/uploads\/2025\/09\/sb-mockup-1-1-1024x683.jpg\" class=\"attachment-large size-large wp-image-3045\" alt=\"\" srcset=\"https:\/\/martontoth.net\/wp-content\/uploads\/2025\/09\/sb-mockup-1-1-1024x683.jpg 1024w, https:\/\/martontoth.net\/wp-content\/uploads\/2025\/09\/sb-mockup-1-1-300x200.jpg 300w, https:\/\/martontoth.net\/wp-content\/uploads\/2025\/09\/sb-mockup-1-1-768x512.jpg 768w, https:\/\/martontoth.net\/wp-content\/uploads\/2025\/09\/sb-mockup-1-1-1536x1024.jpg 1536w, https:\/\/martontoth.net\/wp-content\/uploads\/2025\/09\/sb-mockup-1-1-2048x1366.jpg 2048w, https:\/\/martontoth.net\/wp-content\/uploads\/2025\/09\/sb-mockup-1-1-18x12.jpg 18w\" sizes=\"(max-width: 800px) 100vw, 800px\" \/>\t\t\t\t\t\t\t\t<\/a>\n\t\t\t\t\t\t\t\t\t\t\t\t\t\t\t<\/div>\n\t\t\t\t<\/div>\n\t\t\t\t<\/div>\n\t\t\t\t\t<\/div>\n\t\t\t\t<\/div>\n\t\t<div class=\"elementor-element elementor-element-2277dab e-flex e-con-boxed e-con e-parent\" data-id=\"2277dab\" data-element_type=\"container\" data-e-type=\"container\" data-settings=\"{&quot;background_background&quot;:&quot;classic&quot;}\">\n\t\t\t\t\t<div class=\"e-con-inner\">\n\t\t<div class=\"elementor-element elementor-element-dc77fff e-con-full e-flex e-con e-child\" data-id=\"dc77fff\" data-element_type=\"container\" data-e-type=\"container\" data-settings=\"{&quot;sticky&quot;:&quot;top&quot;,&quot;sticky_parent&quot;:&quot;yes&quot;,&quot;sticky_on&quot;:[&quot;desktop&quot;],&quot;sticky_offset&quot;:0,&quot;sticky_effects_offset&quot;:0,&quot;sticky_anchor_link_offset&quot;:0}\">\n\t\t\t\t<div class=\"elementor-element elementor-element-e3688a3 elementor-widget elementor-widget-heading\" data-id=\"e3688a3\" data-element_type=\"widget\" data-e-type=\"widget\" data-widget_type=\"heading.default\">\n\t\t\t\t<div class=\"elementor-widget-container\">\n\t\t\t\t\t<h2 class=\"elementor-heading-title elementor-size-default\">Main course<\/h2>\t\t\t\t<\/div>\n\t\t\t\t<\/div>\n\t\t\t\t<div class=\"elementor-element elementor-element-ea978da elementor-widget elementor-widget-text-editor\" data-id=\"ea978da\" data-element_type=\"widget\" data-e-type=\"widget\" data-widget_type=\"text-editor.default\">\n\t\t\t\t<div class=\"elementor-widget-container\">\n\t\t\t\t\t\t\t\t\t<p>I designed a clean, modern interface with a mobile-first approach, focusing on clarity and usability. The site was built on WordPress and Elementor, and I developed a custom plugin that transforms simple spreadsheets into beautifully formatted menus \u2014 instantly available on the site and ready to print. A professional reservation system was integrated, and the entire platform was delivered in Hungarian, Romanian, and English.<\/p>\t\t\t\t\t\t\t\t<\/div>\n\t\t\t\t<\/div>\n\t\t\t\t<\/div>\n\t\t<div class=\"elementor-element elementor-element-2a33d04 e-con-full e-flex e-con e-child\" data-id=\"2a33d04\" data-element_type=\"container\" data-e-type=\"container\">\n\t\t\t\t<div class=\"elementor-element elementor-element-fa209e7 elementor-widget elementor-widget-heading\" data-id=\"fa209e7\" data-element_type=\"widget\" data-e-type=\"widget\" data-widget_type=\"heading.default\">\n\t\t\t\t<div class=\"elementor-widget-container\">\n\t\t\t\t\t<h2 class=\"elementor-heading-title elementor-size-default\">PRINTABLE MENU GENERATED AUTOMATICALLY<\/h2>\t\t\t\t<\/div>\n\t\t\t\t<\/div>\n\t\t\t\t<div class=\"elementor-element elementor-element-626f498 elementor-widget elementor-widget-image\" data-id=\"626f498\" data-element_type=\"widget\" data-e-type=\"widget\" data-widget_type=\"image.default\">\n\t\t\t\t<div class=\"elementor-widget-container\">\n\t\t\t\t\t\t\t\t\t\t\t\t\t\t\t\t<a href=\"https:\/\/martontoth.net\/wp-content\/uploads\/2025\/09\/sb-mockup-3-scaled.jpg\" data-elementor-open-lightbox=\"yes\" data-elementor-lightbox-title=\"sb-mockup-3\" data-e-action-hash=\"#elementor-action%3Aaction%3Dlightbox%26settings%3DeyJpZCI6MzA0MiwidXJsIjoiaHR0cHM6XC9cL21hcnRvbnRvdGgubmV0XC93cC1jb250ZW50XC91cGxvYWRzXC8yMDI1XC8wOVwvc2ItbW9ja3VwLTMtc2NhbGVkLmpwZyJ9\">\n\t\t\t\t\t\t\t<img decoding=\"async\" width=\"1024\" height=\"1536\" src=\"https:\/\/martontoth.net\/wp-content\/uploads\/2025\/09\/sb-mockup-3-1024x1536.jpg\" class=\"attachment-1536x1536 size-1536x1536 wp-image-3042\" alt=\"\" srcset=\"https:\/\/martontoth.net\/wp-content\/uploads\/2025\/09\/sb-mockup-3-1024x1536.jpg 1024w, https:\/\/martontoth.net\/wp-content\/uploads\/2025\/09\/sb-mockup-3-200x300.jpg 200w, https:\/\/martontoth.net\/wp-content\/uploads\/2025\/09\/sb-mockup-3-682x1024.jpg 682w, https:\/\/martontoth.net\/wp-content\/uploads\/2025\/09\/sb-mockup-3-768x1152.jpg 768w, https:\/\/martontoth.net\/wp-content\/uploads\/2025\/09\/sb-mockup-3-1365x2048.jpg 1365w, https:\/\/martontoth.net\/wp-content\/uploads\/2025\/09\/sb-mockup-3-8x12.jpg 8w, https:\/\/martontoth.net\/wp-content\/uploads\/2025\/09\/sb-mockup-3-scaled.jpg 1706w\" sizes=\"(max-width: 1024px) 100vw, 1024px\" \/>\t\t\t\t\t\t\t\t<\/a>\n\t\t\t\t\t\t\t\t\t\t\t\t\t\t\t<\/div>\n\t\t\t\t<\/div>\n\t\t\t\t<div class=\"elementor-element elementor-element-f2d225c elementor-widget elementor-widget-spacer\" data-id=\"f2d225c\" data-element_type=\"widget\" data-e-type=\"widget\" data-widget_type=\"spacer.default\">\n\t\t\t\t<div class=\"elementor-widget-container\">\n\t\t\t\t\t\t\t<div class=\"elementor-spacer\">\n\t\t\t<div class=\"elementor-spacer-inner\"><\/div>\n\t\t<\/div>\n\t\t\t\t\t\t<\/div>\n\t\t\t\t<\/div>\n\t\t\t\t<div class=\"elementor-element elementor-element-7fcc12e elementor-widget elementor-widget-heading\" data-id=\"7fcc12e\" data-element_type=\"widget\" data-e-type=\"widget\" data-widget_type=\"heading.default\">\n\t\t\t\t<div class=\"elementor-widget-container\">\n\t\t\t\t\t<h2 class=\"elementor-heading-title elementor-size-default\">WEEKLY MENU IN THREE LANGUAGES<\/h2>\t\t\t\t<\/div>\n\t\t\t\t<\/div>\n\t\t\t\t<div class=\"elementor-element elementor-element-a477669 elementor-widget elementor-widget-image\" data-id=\"a477669\" data-element_type=\"widget\" data-e-type=\"widget\" data-widget_type=\"image.default\">\n\t\t\t\t<div class=\"elementor-widget-container\">\n\t\t\t\t\t\t\t\t\t\t\t\t\t\t\t\t<a href=\"https:\/\/martontoth.net\/wp-content\/uploads\/2025\/09\/sb-mockup-2-scaled.jpg\" data-elementor-open-lightbox=\"yes\" data-elementor-lightbox-title=\"sb-mockup-2\" data-e-action-hash=\"#elementor-action%3Aaction%3Dlightbox%26settings%3DeyJpZCI6MzA0MywidXJsIjoiaHR0cHM6XC9cL21hcnRvbnRvdGgubmV0XC93cC1jb250ZW50XC91cGxvYWRzXC8yMDI1XC8wOVwvc2ItbW9ja3VwLTItc2NhbGVkLmpwZyJ9\">\n\t\t\t\t\t\t\t<img decoding=\"async\" width=\"1024\" height=\"1536\" src=\"https:\/\/martontoth.net\/wp-content\/uploads\/2025\/09\/sb-mockup-2-1024x1536.jpg\" class=\"attachment-1536x1536 size-1536x1536 wp-image-3043\" alt=\"\" srcset=\"https:\/\/martontoth.net\/wp-content\/uploads\/2025\/09\/sb-mockup-2-1024x1536.jpg 1024w, https:\/\/martontoth.net\/wp-content\/uploads\/2025\/09\/sb-mockup-2-200x300.jpg 200w, https:\/\/martontoth.net\/wp-content\/uploads\/2025\/09\/sb-mockup-2-683x1024.jpg 683w, https:\/\/martontoth.net\/wp-content\/uploads\/2025\/09\/sb-mockup-2-768x1152.jpg 768w, https:\/\/martontoth.net\/wp-content\/uploads\/2025\/09\/sb-mockup-2-1366x2048.jpg 1366w, https:\/\/martontoth.net\/wp-content\/uploads\/2025\/09\/sb-mockup-2-8x12.jpg 8w, https:\/\/martontoth.net\/wp-content\/uploads\/2025\/09\/sb-mockup-2-scaled.jpg 1707w\" sizes=\"(max-width: 1024px) 100vw, 1024px\" \/>\t\t\t\t\t\t\t\t<\/a>\n\t\t\t\t\t\t\t\t\t\t\t\t\t\t\t<\/div>\n\t\t\t\t<\/div>\n\t\t\t\t<\/div>\n\t\t\t\t\t<\/div>\n\t\t\t\t<\/div>\n\t\t<div class=\"elementor-element elementor-element-af91dc0 e-flex e-con-boxed e-con e-parent\" data-id=\"af91dc0\" data-element_type=\"container\" data-e-type=\"container\" data-settings=\"{&quot;background_background&quot;:&quot;classic&quot;}\">\n\t\t\t\t\t<div class=\"e-con-inner\">\n\t\t<div class=\"elementor-element elementor-element-bd5a058 e-con-full e-flex e-con e-child\" data-id=\"bd5a058\" data-element_type=\"container\" data-e-type=\"container\" data-settings=\"{&quot;sticky&quot;:&quot;top&quot;,&quot;sticky_parent&quot;:&quot;yes&quot;,&quot;sticky_on&quot;:[&quot;desktop&quot;],&quot;sticky_offset&quot;:0,&quot;sticky_effects_offset&quot;:0,&quot;sticky_anchor_link_offset&quot;:0}\">\n\t\t\t\t<div class=\"elementor-element elementor-element-56cbde8 elementor-widget elementor-widget-heading\" data-id=\"56cbde8\" data-element_type=\"widget\" data-e-type=\"widget\" data-widget_type=\"heading.default\">\n\t\t\t\t<div class=\"elementor-widget-container\">\n\t\t\t\t\t<h2 class=\"elementor-heading-title elementor-size-default\">Dessert<\/h2>\t\t\t\t<\/div>\n\t\t\t\t<\/div>\n\t\t\t\t<div class=\"elementor-element elementor-element-a4e9a69 elementor-widget elementor-widget-text-editor\" data-id=\"a4e9a69\" data-element_type=\"widget\" data-e-type=\"widget\" data-widget_type=\"text-editor.default\">\n\t\t\t\t<div class=\"elementor-widget-container\">\n\t\t\t\t\t\t\t\t\t<p>The new website has become an essential tool for the restaurant team:<\/p><ul><li>Weekly menus are updated with just a few clicks and generate printable versions automatically.<\/li><li>Reservations are streamlined and reliable.<\/li><li>Multilingual content makes the site accessible for both local and international visitors.<\/li><\/ul><p><br \/>The design strengthens the restaurant\u2019s identity as a proud SV\u00c9T member.<\/p><p>The project not only elevated the digital brand of Schwarz Bistro but also simplified everyday workflows behind the scenes.<\/p>\t\t\t\t\t\t\t\t<\/div>\n\t\t\t\t<\/div>\n\t\t\t\t<\/div>\n\t\t<div class=\"elementor-element elementor-element-d417784 e-con-full e-flex e-con e-child\" data-id=\"d417784\" data-element_type=\"container\" data-e-type=\"container\">\n\t\t\t\t<div class=\"elementor-element elementor-element-35b71e8 elementor-widget elementor-widget-heading\" data-id=\"35b71e8\" data-element_type=\"widget\" data-e-type=\"widget\" data-widget_type=\"heading.default\">\n\t\t\t\t<div class=\"elementor-widget-container\">\n\t\t\t\t\t<h2 class=\"elementor-heading-title elementor-size-default\">PRINTABLE MENU GENERATED AUTOMATICALLY<\/h2>\t\t\t\t<\/div>\n\t\t\t\t<\/div>\n\t\t\t\t<div class=\"elementor-element elementor-element-2f0ba19 elementor-widget elementor-widget-image\" data-id=\"2f0ba19\" data-element_type=\"widget\" data-e-type=\"widget\" data-widget_type=\"image.default\">\n\t\t\t\t<div class=\"elementor-widget-container\">\n\t\t\t\t\t\t\t\t\t\t\t\t\t\t\t\t<a href=\"https:\/\/martontoth.net\/wp-content\/uploads\/2025\/09\/sb-mockup-4-scaled.jpg\" data-elementor-open-lightbox=\"yes\" data-elementor-lightbox-title=\"sb-mockup-4\" data-e-action-hash=\"#elementor-action%3Aaction%3Dlightbox%26settings%3DeyJpZCI6MzA0NCwidXJsIjoiaHR0cHM6XC9cL21hcnRvbnRvdGgubmV0XC93cC1jb250ZW50XC91cGxvYWRzXC8yMDI1XC8wOVwvc2ItbW9ja3VwLTQtc2NhbGVkLmpwZyJ9\">\n\t\t\t\t\t\t\t<img loading=\"lazy\" decoding=\"async\" width=\"1536\" height=\"922\" src=\"https:\/\/martontoth.net\/wp-content\/uploads\/2025\/09\/sb-mockup-4-1536x922.jpg\" class=\"attachment-1536x1536 size-1536x1536 wp-image-3044\" alt=\"\" srcset=\"https:\/\/martontoth.net\/wp-content\/uploads\/2025\/09\/sb-mockup-4-1536x922.jpg 1536w, https:\/\/martontoth.net\/wp-content\/uploads\/2025\/09\/sb-mockup-4-300x180.jpg 300w, https:\/\/martontoth.net\/wp-content\/uploads\/2025\/09\/sb-mockup-4-1024x614.jpg 1024w, https:\/\/martontoth.net\/wp-content\/uploads\/2025\/09\/sb-mockup-4-768x461.jpg 768w, https:\/\/martontoth.net\/wp-content\/uploads\/2025\/09\/sb-mockup-4-2048x1229.jpg 2048w, https:\/\/martontoth.net\/wp-content\/uploads\/2025\/09\/sb-mockup-4-18x12.jpg 18w\" sizes=\"(max-width: 1536px) 100vw, 1536px\" \/>\t\t\t\t\t\t\t\t<\/a>\n\t\t\t\t\t\t\t\t\t\t\t\t\t\t\t<\/div>\n\t\t\t\t<\/div>\n\t\t\t\t<\/div>\n\t\t\t\t\t<\/div>\n\t\t\t\t<\/div>\n\t\t\t\t<\/div>\n\t\t","protected":false},"excerpt":{"rendered":"<p>Schwarz Bistro UI\/UX Design Custom WordPress Development Maintenance 2024 Overview I partnered with Schwarz Bistro, a premium yet welcoming restaurant and proud member of SV\u00c9T (St\u00edlusos Vid\u00e9ki \u00c9ttermis\u00e9g), to redesign their online presence. The goal was clear: create a mobile-first website that showcases weekly menus, enables seamless reservations, and communicates in three languages. Appetizer The [&hellip;]<\/p>\n","protected":false},"author":1,"featured_media":0,"parent":1142,"menu_order":0,"comment_status":"closed","ping_status":"closed","template":"elementor_header_footer","meta":{"footnotes":""},"class_list":["post-3011","page","type-page","status-publish","hentry"],"_links":{"self":[{"href":"https:\/\/martontoth.net\/en\/wp-json\/wp\/v2\/pages\/3011","targetHints":{"allow":["GET"]}}],"collection":[{"href":"https:\/\/martontoth.net\/en\/wp-json\/wp\/v2\/pages"}],"about":[{"href":"https:\/\/martontoth.net\/en\/wp-json\/wp\/v2\/types\/page"}],"author":[{"embeddable":true,"href":"https:\/\/martontoth.net\/en\/wp-json\/wp\/v2\/users\/1"}],"replies":[{"embeddable":true,"href":"https:\/\/martontoth.net\/en\/wp-json\/wp\/v2\/comments?post=3011"}],"version-history":[{"count":4,"href":"https:\/\/martontoth.net\/en\/wp-json\/wp\/v2\/pages\/3011\/revisions"}],"predecessor-version":[{"id":3049,"href":"https:\/\/martontoth.net\/en\/wp-json\/wp\/v2\/pages\/3011\/revisions\/3049"}],"up":[{"embeddable":true,"href":"https:\/\/martontoth.net\/en\/wp-json\/wp\/v2\/pages\/1142"}],"wp:attachment":[{"href":"https:\/\/martontoth.net\/en\/wp-json\/wp\/v2\/media?parent=3011"}],"curies":[{"name":"wp","href":"https:\/\/api.w.org\/{rel}","templated":true}]}}